{"id":877,"date":"2026-02-28T16:09:11","date_gmt":"2026-02-28T15:09:11","guid":{"rendered":"https:\/\/camping-le-cormier.fr\/contact-camping-le-cormier\/"},"modified":"2026-04-21T13:17:00","modified_gmt":"2026-04-21T11:17:00","slug":"contact-camping-le-cormier","status":"publish","type":"page","link":"https:\/\/camping-le-cormier.fr\/en\/contact-camping-le-cormier\/","title":{"rendered":"Contact Camping le Cormier"},"content":{"rendered":"<div class=\"et_pb_section_0 et_pb_section et_section_regular et_flex_section preset--module--divi-section--9l2ybj32nq\">\n<div class=\"et_pb_row_0 et_pb_row et_pb_gutters1 et_block_row preset--module--divi-row--w00b5cjig3\">\n<div class=\"et_pb_column_0 et_pb_column et_pb_column_4_4 et-last-child et_block_column et_pb_css_mix_blend_mode_passthrough\">\n<div class=\"et_pb_heading_0 et_pb_heading et_pb_module et_flex_module preset--module--divi-heading--a1f1fbtv9h\"><div class=\"et_pb_heading_container\"><h1 class=\"et_pb_module_header\">Contact Camping le Cormier<\/h1><\/div><\/div>\n<\/div>\n<\/div>\n<\/div>\n\n<div class=\"et_pb_section_1 et_pb_section et_section_regular et_flex_section section_has_divider et_pb_top_divider preset--module--divi-section--5l9dnjx1og\"><div class=\"et_pb_top_inside_divider et-no-transition\"><\/div>\n<div class=\"et_pb_row_1 et_pb_row et_flex_row\">\n<div class=\"et_pb_column_1 et_pb_column et-last-child et_flex_column et_pb_css_mix_blend_mode_passthrough et_flex_column_24_24 et_flex_column_24_24_tablet et_flex_column_24_24_phone\">\n<div class=\"et_pb_text_0 et_pb_text et_pb_bg_layout_light et_pb_module et_flex_module\"><div class=\"et_pb_text_inner\"><p>Whether for a reservation, a question, or just to say hello \u2013 write to us. We will get back to you as soon as possible. <\/p>\n<\/div><\/div>\n<\/div>\n<\/div>\n\n<div class=\"et_pb_row_2 et_pb_row et_flex_row\">\n<div class=\"et_pb_column_2 et_pb_column et-last-child et_flex_column et_pb_css_mix_blend_mode_passthrough et_flex_column_24_24 et_flex_column_24_24_tablet et_flex_column_24_24_phone\">\n<div class=\"et_pb_contact_form_0 et_pb_contact_form_container clearfix et_pb_module et_flex_module preset--group--divi-contact-form--divi-button--hi917qs--default\" data-form_unique_num=\"0\" data-form_unique_id=\"d9849bda-b3aa-4b6c-87cc-741c384d71c0\" id=\"et_pb_contact_form_d9849bda-b3aa-4b6c-87cc-741c384d71c0\"><h2 class=\"et_pb_contact_main_title\">Contact Form<\/h2><div class=\"et-pb-contact-message\"><\/div><div class=\"et_pb_contact\"><form class=\"et_pb_contact_form et_flex_module\" method=\"post\" action=\"https:\/\/camping-le-cormier.fr\/en\/wp-json\/wp\/v2\/pages\/877\">\n<div class=\"et_pb_contact_field_0 et_pb_contact_field et_pb_module et_flex_module et_flex_column_12_24 et_flex_column_12_24_tablet et_flex_column_12_24_phone\" data-id=\"name\" data-type=\"input\"><label class=\"et_pb_contact_form_label\" for=\"et_pb_contact_0_name_0\">Name<\/label><input type=\"text\" name=\"et_pb_contact_0_name_0\" id=\"et_pb_contact_0_name_0\" class=\"input\" data-required_mark=\"required\" data-field_type=\"input\" data-original_id=\"name\" placeholder=\"Name\" title=\"\" value=\"\" \/><\/div>\n\n<div class=\"et_pb_contact_field_1 et_pb_contact_field et_pb_module et_flex_module et_flex_column_12_24 et_flex_column_12_24_tablet et_flex_column_12_24_phone\" data-id=\"email\" data-type=\"email\"><label class=\"et_pb_contact_form_label\" for=\"et_pb_contact_0_email_1\">Email Address<\/label><input type=\"text\" name=\"et_pb_contact_0_email_1\" id=\"et_pb_contact_0_email_1\" class=\"input\" data-required_mark=\"required\" data-field_type=\"email\" data-original_id=\"email\" placeholder=\"Email Address\" title=\"\" value=\"\" \/><\/div>\n\n<div class=\"et_pb_contact_field_2 et_pb_contact_field et_pb_module et_flex_module et_flex_column_24_24 et_flex_column_24_24_tablet et_flex_column_24_24_phone\" data-id=\"message\" data-type=\"text\"><label class=\"et_pb_contact_form_label\" for=\"et_pb_contact_0_message_2\">Message<\/label><textarea name=\"et_pb_contact_0_message_2\" id=\"et_pb_contact_0_message_2\" class=\"et_pb_contact_message input\" data-required_mark=\"required\" data-field_type=\"text\" data-original_id=\"message\" placeholder=\"Message\"><\/textarea><\/div>\n<input type=\"hidden\" name=\"et_pb_contactform_submit_d9849bda-b3aa-4b6c-87cc-741c384d71c0\" value=\"et_contact_proccess\" \/><div class=\"et_contact_bottom_container\"><div class=\"et_pb_contact_right et_pb_contact_field\"><p class=\"clearfix\"><label><span class=\"et_pb_contact_captcha_question\">7 + 11<\/span> = <input type=\"text\" size=\"2\" class=\"input et_pb_contact_captcha\" data-first_digit=\"7\" data-second_digit=\"11\" data-required_mark=\"required\" name=\"et_pb_contact_captcha_d9849bda-b3aa-4b6c-87cc-741c384d71c0\" autocomplete=\"off\" \/><\/label><\/p><\/div><div class=\"et_pb_button_wrapper\"><button type=\"submit\" name=\"et_builder_submit_button\" class=\"et_pb_button et_pb_contact_submit\">Send<\/button><\/div><\/div><input type=\"hidden\" id=\"_wpnonce-et-pb-contact-form-submitted-d9849bda-b3aa-4b6c-87cc-741c384d71c0\" name=\"_wpnonce-et-pb-contact-form-submitted-d9849bda-b3aa-4b6c-87cc-741c384d71c0\" value=\"ebcee1e2e1\" \/><input type=\"hidden\" name=\"_wp_http_referer\" value=\"\/en\/wp-json\/wp\/v2\/pages\/877\" \/><\/form><\/div><\/div>\n<\/div>\n<\/div>\n<\/div>\n\n<div class=\"et_pb_section_2 et_pb_section et_section_regular et_flex_section section_has_divider et_pb_top_divider preset--module--divi-section--hpgczseiif\"><div class=\"et_pb_top_inside_divider et-no-transition\"><\/div>\n<div class=\"et_pb_row_3 et_pb_row et_flex_row\" id=\"kontakt-offen\">\n<div class=\"et_pb_column_3 et_pb_column et_flex_column et_pb_css_mix_blend_mode_passthrough et_flex_column_8_24 et_flex_column_8_24_tablet et_flex_column_24_24_phone\">\n<div class=\"et_pb_text_1 et_pb_text et_pb_bg_layout_light et_pb_module et_flex_module\"><div class=\"et_pb_text_inner\"><h3>Camping le Cormier<\/h3>\n<\/div><\/div>\n\n<div class=\"et_pb_text_2 et_pb_text et_pb_bg_layout_light et_pb_module et_flex_module\"><div class=\"et_pb_text_inner\"><p>Sibylle Luisi &amp; Thomas Neyerlin<br \/>1 le Cormier<br \/>36290 Obterre<br \/>France<\/p>\n<\/div><\/div>\n<\/div>\n\n<div class=\"et_pb_column_4 et_pb_column et_flex_column et_pb_css_mix_blend_mode_passthrough et_flex_column_8_24 et_flex_column_8_24_tablet et_flex_column_24_24_phone\">\n<div class=\"et_pb_text_3 et_pb_text et_pb_bg_layout_light et_pb_module et_flex_module\"><div class=\"et_pb_text_inner\" data-et-mv-hidden-tablet=\"true\"><h3>Phone<\/h3>\n<\/div><\/div>\n\n<ul class=\"et_pb_icon_list_0 et_pb_icon_list et_pb_module et_flex_module\">\n<li class=\"et_pb_icon_list_item_0 et_pb_icon_list_item et_pb_module et_flex_module\"><span class=\"et-pb-icon\">\uf3cd<\/span><div class=\"et_pb_icon_list_text\">+33 (0) 6 32 64 99 01<\/div><\/li>\n<\/ul>\n\n<ul class=\"et_pb_icon_list_1 et_pb_icon_list et_pb_module et_flex_module\">\n<li class=\"et_pb_icon_list_item_1 et_pb_icon_list_item et_pb_module et_flex_module\"><span class=\"et-pb-icon\">\uf3cd<\/span><div class=\"et_pb_icon_list_text\">+41 (0) 76 580 26 62<\/div><\/li>\n<\/ul>\n\n<ul class=\"et_pb_icon_list_2 et_pb_icon_list et_pb_module et_flex_module\">\n<li class=\"et_pb_icon_list_item_2 et_pb_icon_list_item et_pb_module et_flex_module\"><span class=\"et-pb-icon\">\uf2a0<\/span><div class=\"et_pb_icon_list_text\">+33 (0) 2 54 39 27 95<\/div><\/li>\n<\/ul>\n<\/div>\n\n<div class=\"et_pb_column_5 et_pb_column et-last-child et_flex_column et_pb_css_mix_blend_mode_passthrough et_flex_column_8_24 et_flex_column_8_24_tablet et_flex_column_24_24_phone\">\n<div class=\"et_pb_text_4 et_pb_text et_pb_bg_layout_light et_pb_module et_flex_module\"><div class=\"et_pb_text_inner\" data-et-mv-hidden-tablet=\"true\"><h3>Email<\/h3>\n<\/div>\n<ul class=\"et_pb_icon_list_3 et_pb_icon_list et_pb_module et_flex_module\">\n<li class=\"et_pb_icon_list_item_3 et_pb_icon_list_item et_pb_module et_flex_module\"><span class=\"et-pb-icon\">\ue076<\/span><div class=\"et_pb_icon_list_text\">info@camping-le-cormier.fr<\/div><\/li>\n<\/ul>\n<\/div>\n<\/div>\n<\/div>\n\n<div class=\"et_pb_row_4 et_pb_row et_flex_row\" id=\"o-zeit\">\n<div class=\"et_pb_column_6 et_pb_column et-last-child et_flex_column et_pb_css_mix_blend_mode_passthrough et_flex_column_24_24 et_flex_column_24_24_tablet et_flex_column_24_24_phone\">\n<div class=\"et_pb_group_carousel_0 et_pb_group_carousel et_pb_group et_pb_module et_pb_group_carousel_center_mode et_pb_group_carousel_arrows_outside et_pb_group_carousel_dots_center et_pb_group_carousel_dots_below et_pb_group_carousel_slides_2 preset--module--divi-group-carousel--default\"><div class=\"et_pb_group_carousel_container\"><div class=\"et_pb_group_carousel_track\"><div class=\"et_pb_group_carousel_slide\"><div class=\"et_pb_group_0 et_pb_group et_pb_module et_flex_group et_pb_css_mix_blend_mode_passthrough\">\n<div class=\"et_pb_blurb_0 et_pb_blurb et_pb_bg_layout_light et_pb_blurb_position_top et_pb_module et_flex_module\"><div class=\"et_pb_blurb_content et_flex_module\"><div class=\"et_pb_main_blurb_image\"><span class=\"et_pb_image_wrap\"><span class=\"et-pb-icon\">\uf562<\/span><\/span><\/div><div class=\"et_pb_blurb_container\"><h3 class=\"et_pb_module_header\">Opening Hours Year-Round<\/h3><div class=\"et_pb_blurb_description\"><p>8 AM to 10 PM<\/p>\n<\/div><\/div><\/div><\/div>\n<\/div><\/div><div class=\"et_pb_group_carousel_slide\"><div class=\"et_pb_group_1 et_pb_group et_pb_module et_flex_group et_pb_css_mix_blend_mode_passthrough\">\n<div class=\"et_pb_blurb_1 et_pb_blurb et_pb_bg_layout_light et_pb_text_align_center et_pb_blurb_position_top et_pb_module et_flex_module preset--module--divi-blurb--7otuuuu3pw\"><div class=\"et_pb_blurb_content et_flex_module\"><div class=\"et_pb_main_blurb_image\"><span class=\"et_pb_image_wrap\"><span class=\"et-pb-icon\">\uf186<\/span><\/span><\/div><div class=\"et_pb_blurb_container\"><h3 class=\"et_pb_module_header\">Quiet Hours<\/h3><div class=\"et_pb_blurb_description\"><p>10 PM to 8 AM<\/p>\n<\/div><\/div><\/div><\/div>\n<\/div><\/div><div class=\"et_pb_group_carousel_slide\"><div class=\"et_pb_group_2 et_pb_group et-last-child et_pb_module et_flex_group et_pb_css_mix_blend_mode_passthrough\">\n<div class=\"et_pb_blurb_2 et_pb_blurb et_pb_bg_layout_light et_pb_text_align_center et_pb_blurb_position_top et_pb_module et_flex_module preset--module--divi-blurb--7otuuuu3pw\"><div class=\"et_pb_blurb_content et_flex_module\"><div class=\"et_pb_main_blurb_image\"><span class=\"et_pb_image_wrap\"><span class=\"et-pb-icon\">\ue033<\/span><\/span><\/div><div class=\"et_pb_blurb_container\"><h3 class=\"et_pb_module_header\">Late Arrival<\/h3><div class=\"et_pb_blurb_description\" data-et-mv-hidden-phone=\"true\"><p>Please notify us in advance if you will be arriving outside of opening hours<\/p>\n<\/div><\/div><\/div><\/div>\n<\/div><\/div><\/div><\/div><span class=\"et_pb_group_carousel_arrow et_pb_group_carousel_arrow_prev\" role=\"button\" tabindex=\"0\" aria-label=\"Previous slide\"><span class=\"et-pb-icon\">8<\/span><\/span><span class=\"et_pb_group_carousel_arrow et_pb_group_carousel_arrow_next\" role=\"button\" tabindex=\"0\" aria-label=\"Next slide\"><span class=\"et-pb-icon\">9<\/span><\/span><div class=\"et_pb_group_carousel_dots\"><\/div><\/div>\n\n<div class=\"et_pb_text_5 et_pb_text et_pb_bg_layout_light et_pb_module et_flex_module\"><div class=\"et_pb_text_inner\"><p>We are open all year round \u2013 however, during quiet winter months, there may be occasional short closing days. If you wish to arrive spontaneously, it's best to check briefly by phone or email. <\/p>\n<\/div><\/div>\n\n<div class=\"et_pb_module et_pb_button_module_wrapper et_pb_button_0_wrapper preset--group--divi-button--divi-button--hi917qs--default_wrapper preset--module--divi-button--default_wrapper\"><a class=\"et_pb_button_0 et_pb_button et_pb_bg_layout_light et_pb_module et_block_module preset--group--divi-button--divi-button--hi917qs--default preset--module--divi-button--default\" href=\"https:\/\/camping-le-cormier.fr\/ueber-uns-schweizer-camping-loiretal\/\">About Us<\/a><\/div>\n<\/div>\n<\/div>\n<\/div>\n\n<div class=\"et_pb_section_3 et_pb_section et_section_regular et_flex_section section_has_divider et_pb_top_divider preset--module--divi-section--5l9dnjx1og\"><div class=\"et_pb_top_inside_divider et-no-transition\"><\/div>\n<div class=\"et_pb_row_5 et_pb_row et_flex_row\">\n<div class=\"et_pb_column_7 et_pb_column et_flex_column et_pb_css_mix_blend_mode_passthrough et_flex_column_3_5 et_flex_column_3_5_tablet et_flex_column_24_24_phone\">\n<div class=\"et_pb_code_0 et_pb_code et_pb_module\"><div class=\"et_pb_code_inner\"><iframe loading=\"lazy\" width=\"600\" height=\"600\" src=\"https:\/\/www.openstreetmap.org\/export\/embed.html?bbox=1.030172109603882%2C46.91701625807997%2C1.0437119007110598%2C46.9227174541749&amp;layer=mapnik&amp;marker=46.919867285399505%2C1.0369420051574707\" style=\"border: 1px solid black\"><\/iframe><br><small><a href=\"https:\/\/www.openstreetmap.org\/?mlat=46.919867&amp;mlon=1.036942#map=17\/46.919867\/1.036942\" target=\"_blank\" rel=\"noopener\">View Larger Map<\/a><\/small><\/div><\/div>\n<\/div>\n\n<div class=\"et_pb_column_8 et_pb_column et-last-child et_flex_column et_pb_css_mix_blend_mode_passthrough et_flex_column_2_5 et_flex_column_2_5_tablet et_flex_column_24_24_phone\">\n<div class=\"et_pb_text_6 et_pb_text et_pb_bg_layout_light et_pb_module et_flex_module\"><div class=\"et_pb_text_inner\"><h2>Directions<\/h2>\n<\/div><\/div>\n\n<div class=\"et_pb_text_7 et_pb_text et_pb_bg_layout_light et_pb_module et_flex_module\"><div class=\"et_pb_text_inner\"><p>Decimal Value \u2013 Longitude: 1.036798 &amp; Latitude: 46.919728<\/p>\n<p>OR<\/p>\n<p>In Degrees \u2013 Longitude: 1:02:12.5 &amp; Latitude: 46:55:11.0<\/p>\n<\/div><\/div>\n\n<div class=\"et_pb_image_0 et_pb_image et_pb_image_sticky et_pb_module et_flex_module\"><a href=\"https:\/\/camping-le-cormier.fr\/en\/\"><span class=\"et_pb_image_wrap\"><img loading=\"lazy\" decoding=\"async\" src=\"https:\/\/camping-le-cormier.fr\/wp-content\/uploads\/2026\/02\/01-Le-Cormier-farbig-400px.webp\" alt=\"Logo 400 px wide\" title=\"01-Le-Cormier-color-400px\" width=\"400\" height=\"257\" srcset=\"https:\/\/camping-le-cormier.fr\/wp-content\/uploads\/2026\/02\/01-Le-Cormier-farbig-400px.webp 400w, https:\/\/camping-le-cormier.fr\/wp-content\/uploads\/2026\/02\/01-Le-Cormier-farbig-400px-300x193.webp 300w\" sizes=\"(max-width: 400px) 100vw, 400px\" class=\"wp-image-11\" \/><\/span><\/a><\/div>\n<\/div>\n<\/div>\n\n<div class=\"et_pb_row_6 et_pb_row et_flex_row\">\n<div class=\"et_pb_column_9 et_pb_column et-last-child et_flex_column et_pb_css_mix_blend_mode_passthrough et_flex_column_24_24 et_flex_column_24_24_tablet et_flex_column_24_24_phone\">\n<div class=\"et_pb_heading_1 et_pb_heading et_pb_module et_flex_module\"><div class=\"et_pb_heading_container\"><h2 class=\"et_pb_module_header\">Directions in Words<\/h2><\/div><\/div>\n\n<div class=\"et_pb_text_8 et_pb_text et_pb_bg_layout_light et_pb_module et_flex_module\"><div class=\"et_pb_text_inner\"><p>Good access to motorways \u2013 A10 to the west (towards Bordeaux) and A20 to the east (towards Toulouse)<\/p>\n<h3>From the North<\/h3>\n<p>From all major ports on the French north coast, drive towards Tours. If you use the motorway, take exit 23 or 24 of the A10 south of Tours and drive on the N143\/D943 towards Loches. At the edge of Loches, follow the signs to Ch\u00e2teauroux (also N143\/D943) and Ch\u00e2tillon. Drive through the village of Perrusson and after about 500 meters, turn right onto the D41 towards Verneuil-sur-Indre and Saint-Flovier. Drive through Verneuil to Saint-Flovier \u2013 be careful here, as the signs to Obterre (6 km away) are easy to miss. Leave the village (on the D21) and after 400 meters, turn right onto the D14 towards Obterre. We are located on the left side at the edge of the village before the entrance.      <\/p>\n<h3>From the South<\/h3>\n<p>Towards Limoges &amp; Clermont-Ferrand \u2013 towards Ch\u00e2teauroux<br \/>Follow the D925 towards Vendoeuvres, M\u00e9zi\u00e8res-en-Brenne and on to Azay-le-Ferron. (Please ignore all signs to Obterre at this point, otherwise you will be diverted cross-country.) At the roundabout, drive straight through Azay-le-Ferron, leaving the castle on your left, and drive towards Preuilly-sur-Claise. Shortly before leaving the village, turn right, signposted Obterre 8 km (D14). Once in Obterre, follow the D14 uphill towards Saint-Flovier. We are located 300 meters outside the village on the right side.     <\/p>\n<h3>From the West<\/h3>\n<p>Approach Poitiers \u2013 towards Ch\u00e2tellerault, then onto the D725 towards La Roche-Posay and on to Preuilly-sur-Claise. Follow the D725 to Azay-le-Ferron. Ignore signs to Obterre until you reach Azay-le-Ferron. Turn left, signposted Obterre 8 km (D14). Once in Obterre, follow the D14 uphill out of the village towards Saint-Flovier. We are located approx. 300 meters outside the village on the right side.     <\/p>\n<h3><\/h3>\n<h3>From the East<\/h3>\n<div>From Basel via A3\/A35 towards Mulhouse, approx. 35 km. At Mulhouse, take the A36 towards Belfort\/Besan\u00e7on. <\/div>\n<div>From the Swiss Jura in Bure\/Delle via customs. Towards Montb\u00e9liard and there onto the A36 via Besan\u00e7on, Dole to Beaune\/Burgundy. In Beaune, switch to the A6 (Route du Soleil) towards Lyon. Exit 26 Chalon-sur-Sa\u00f4ne Sud towards Nevers, Bourges (N80\/N70\/N79). In Vierzon, take the A20 towards Ch\u00e2teauroux. In Ch\u00e2teauroux via M\u00e9zi\u00e8res-en-Brenne to Obterre (D925\/D43)    <\/div>\n<div><\/div>\n<div>-From Basel (662km\/6:45h) via Mulhouse\/Montb\u00e9liard (A36)<\/div>\n<div>-From Del\u00e9mont (630km\/6:30h)<\/div>\n<div>\u2192 Bure \u2192 Delle \u2192 A36 \u2192 Beaune \u2192 A6 \u2192 Chalon Sud (26) \u2192 N79 (RCEA) \u2192 Vierzon \u2192 A20 \u2192 Ch\u00e2teauroux \u2192 M\u00e9zi\u00e8res-en-Brenne \u2192 Obterre<\/div>\n<\/div><\/div>\n<\/div>\n<\/div>\n<\/div>\n\n<div class=\"et_pb_section_4 et_pb_section et_section_regular et_flex_section section_has_divider et_pb_top_divider preset--module--divi-section--hpgczseiif\" id=\"faq\"><div class=\"et_pb_top_inside_divider et-no-transition\"><\/div>\n<div class=\"et_pb_row_7 et_pb_row et_flex_row\">\n<div class=\"et_pb_column_10 et_pb_column et-last-child et_flex_column et_pb_css_mix_blend_mode_passthrough et_flex_column_24_24 et_flex_column_24_24_tablet et_flex_column_24_24_phone\">\n<div class=\"et_pb_heading_2 et_pb_heading et_pb_module et_flex_module\"><div class=\"et_pb_heading_container\"><h2 class=\"et_pb_module_header\">FAQ: Frequently Asked Questions<\/h2><\/div><\/div>\n<\/div>\n<\/div>\n\n<div class=\"et_pb_row_8 et_pb_row et_flex_row\">\n<div class=\"et_pb_column_11 et_pb_column et_flex_column et_pb_css_mix_blend_mode_passthrough et_flex_column_12_24 et_flex_column_12_24_tablet et_flex_column_24_24_phone\">\n<div class=\"et_pb_image_1 et_pb_image et_flex_column_18_24 et_animated et-interaction-target-6gyxv6fkri et_pb_module et_flex_module\" data-interaction-target=\"6gyxv6fkri\"><span class=\"et_pb_image_wrap\"><img loading=\"lazy\" decoding=\"async\" src=\"https:\/\/camping-le-cormier.fr\/wp-content\/uploads\/2026\/03\/faq-camping-le-cormier.webp\" title=\"faq-camping-le-cormier\" width=\"400\" height=\"600\" srcset=\"https:\/\/camping-le-cormier.fr\/wp-content\/uploads\/2026\/03\/faq-camping-le-cormier.webp 400w, https:\/\/camping-le-cormier.fr\/wp-content\/uploads\/2026\/03\/faq-camping-le-cormier-200x300.webp 200w\" sizes=\"(max-width: 400px) 100vw, 400px\" class=\"wp-image-100\" alt=\"\"><\/span><\/div>\n<\/div>\n\n<div class=\"et_pb_column_12 et_pb_column et-last-child et_flex_column et_pb_css_mix_blend_mode_passthrough et_flex_column_12_24 et_flex_column_12_24_tablet et_flex_column_24_24_phone\">\n<div class=\"et_pb_accordion_0 et_pb_accordion et_pb_module et_flex_module\">\n<div class=\"et_pb_accordion_item_0 et_pb_accordion_item et_pb_toggle et_pb_module et_pb_toggle_open et_flex_module\"><h3 class=\"et_pb_toggle_title\">When is Camping le Cormier open?<\/h3><div class=\"et_pb_toggle_content et_flex_module\"><p>The campsite is generally open all year round. So that you don't find yourself in front of a closed barrier in winter: Without a prior booking, we recommend a quick call or email during the cold season \u2013 we look forward to welcoming you! <\/p>\n<\/div><\/div>\n\n<div class=\"et_pb_accordion_item_1 et_pb_accordion_item et_pb_toggle et_pb_module et_pb_toggle_close et_flex_module\"><h3 class=\"et_pb_toggle_title\">Is Camping le Cormier suitable for children?<\/h3><div class=\"et_pb_toggle_content et_flex_module\"><p>Ja, es gibt einen kleinen Spielplatz, ein Trampolin, einen Sandkasten, Tischtennis und Dart sowie Spiele und B\u00e4lle.<\/p>\n<\/div><\/div>\n\n<div class=\"et_pb_accordion_item_2 et_pb_accordion_item et_pb_toggle et_pb_module et_pb_toggle_close et_flex_module\"><h3 class=\"et_pb_toggle_title\">Is there a pool at Camping le Cormier?<\/h3><div class=\"et_pb_toggle_content et_flex_module\"><p>Yes, the pool will be newly built in 2026 and measures 4 x 10 meters. Next to it, a sunbathing lawn invites you to relax. <\/p>\n<\/div><\/div>\n\n<div class=\"et_pb_accordion_item_3 et_pb_accordion_item et_pb_toggle et_pb_module et_pb_toggle_close et_flex_module\"><h3 class=\"et_pb_toggle_title\">How large are the pitches at Camping le Cormier?<\/h3><div class=\"et_pb_toggle_content et_flex_module\"><p>Our pitches are a generous 180 m2 in size<\/p>\n<\/div><\/div>\n\n<div class=\"et_pb_accordion_item_4 et_pb_accordion_item et_pb_toggle et_pb_module et_pb_toggle_close et_flex_module\"><h3 class=\"et_pb_toggle_title\">Is it possible to do laundry at Camping le Cormier?<\/h3><div class=\"et_pb_toggle_content et_flex_module\"><p>Yes, we provide a washing machine and a dryer (for a fee)<\/p>\n<\/div><\/div>\n\n<div class=\"et_pb_accordion_item_5 et_pb_accordion_item et_pb_toggle et_pb_module et_pb_toggle_close et_flex_module\"><h3 class=\"et_pb_toggle_title\">Can satellite TV be received?<\/h3><div class=\"et_pb_toggle_content et_flex_module\"><p>Yes, satellite TV reception is possible on all pitches<\/p>\n<\/div><\/div>\n\n<div class=\"et_pb_accordion_item_6 et_pb_accordion_item et_pb_toggle et_pb_module et_pb_toggle_close et_flex_module\"><h3 class=\"et_pb_toggle_title\">Are animals allowed at the campsite?<\/h3><div class=\"et_pb_toggle_content et_flex_module\"><p>Yes, your pets are allowed and free of charge. For safety reasons and out of respect for other guests, we ask that you keep dogs on a leash on the premises. <\/p>\n<\/div><\/div>\n<\/div>\n<\/div>\n<\/div>\n<\/div>","protected":false},"excerpt":{"rendered":"","protected":false},"author":1,"featured_media":878,"parent":0,"menu_order":0,"comment_status":"closed","ping_status":"closed","template":"","meta":{"_et_pb_use_builder":"on","_et_pb_old_content":"","_et_gb_content_width":"","footnotes":""},"class_list":["post-877","page","type-page","status-publish","has-post-thumbnail","hentry"],"_links":{"self":[{"href":"https:\/\/camping-le-cormier.fr\/en\/wp-json\/wp\/v2\/pages\/877","targetHints":{"allow":["GET"]}}],"collection":[{"href":"https:\/\/camping-le-cormier.fr\/en\/wp-json\/wp\/v2\/pages"}],"about":[{"href":"https:\/\/camping-le-cormier.fr\/en\/wp-json\/wp\/v2\/types\/page"}],"author":[{"embeddable":true,"href":"https:\/\/camping-le-cormier.fr\/en\/wp-json\/wp\/v2\/users\/1"}],"replies":[{"embeddable":true,"href":"https:\/\/camping-le-cormier.fr\/en\/wp-json\/wp\/v2\/comments?post=877"}],"version-history":[{"count":5,"href":"https:\/\/camping-le-cormier.fr\/en\/wp-json\/wp\/v2\/pages\/877\/revisions"}],"predecessor-version":[{"id":1085,"href":"https:\/\/camping-le-cormier.fr\/en\/wp-json\/wp\/v2\/pages\/877\/revisions\/1085"}],"wp:featuredmedia":[{"embeddable":true,"href":"https:\/\/camping-le-cormier.fr\/en\/wp-json\/wp\/v2\/media\/878"}],"wp:attachment":[{"href":"https:\/\/camping-le-cormier.fr\/en\/wp-json\/wp\/v2\/media?parent=877"}],"curies":[{"name":"wp","href":"https:\/\/api.w.org\/{rel}","templated":true}]}}