{"id":848,"date":"2026-03-25T09:33:12","date_gmt":"2026-03-25T08:33:12","guid":{"rendered":"https:\/\/camping-le-cormier.fr\/bienvenue-nous-sommes-vos-hotes-dans-le-val-de-loire\/"},"modified":"2026-04-19T16:25:31","modified_gmt":"2026-04-19T14:25:31","slug":"bienvenue-nous-sommes-vos-hotes-dans-le-val-de-loire","status":"publish","type":"page","link":"https:\/\/camping-le-cormier.fr\/fr\/bienvenue-nous-sommes-vos-hotes-dans-le-val-de-loire\/","title":{"rendered":"Bienvenue \u2013 Nous sommes vos h\u00f4tes dans le Val de Loire"},"content":{"rendered":"<div class=\"et_pb_section_0 et_pb_section et_section_regular et_flex_section preset--module--divi-section--9l2ybj32nq\">\n<div class=\"et_pb_row_0 et_pb_row et_pb_gutters1 et_block_row preset--module--divi-row--w00b5cjig3\">\n<div class=\"et_pb_column_0 et_pb_column et_pb_column_4_4 et-last-child et_block_column et_pb_css_mix_blend_mode_passthrough\">\n<div class=\"et_pb_heading_0 et_pb_heading et_pb_module et_flex_module preset--module--divi-heading--a1f1fbtv9h\"><div class=\"et_pb_heading_container\"><h1 class=\"et_pb_module_header\">Bienvenue \u2013 Nous sommes vos h\u00f4tes dans le Val de Loire<\/h1><\/div><\/div>\n<\/div>\n<\/div>\n<\/div>\n\n<div class=\"et_pb_section_1 et_pb_section et_section_regular et_flex_section section_has_divider et_pb_top_divider preset--module--divi-section--5l9dnjx1og\"><div class=\"et_pb_top_inside_divider et-no-transition\"><\/div>\n<div class=\"et_pb_row_1 et_pb_row et_flex_row\">\n<div class=\"et_pb_column_1 et_pb_column et-last-child et_flex_column et_pb_css_mix_blend_mode_passthrough et_flex_column_24_24 et_flex_column_24_24_tablet et_flex_column_24_24_phone\">\n<div class=\"et_pb_text_0 et_pb_text et_pb_bg_layout_light et_pb_module et_flex_module\"><div class=\"et_pb_text_inner\"><h2>\u00c0 propos de nous \u2013 Sibylle &amp; Thomas<\/h2>\n<\/div><\/div>\n\n<div class=\"et_pb_text_1 et_pb_text et_pb_bg_layout_light et_pb_module et_flex_module\"><div class=\"et_pb_text_inner\"><p>Bienvenue dans notre petit camping de charme au c\u0153ur de la France !<br \/>Nous sommes Sibylle et Thomas, originaires du canton de B\u00e2le-Campagne en Suisse, et nous avons d\u00e9couvert il y a quatre ans une grande passion : la vie en camping.<\/p>\n<p>Ce qui a commenc\u00e9 comme un hobby de caravane convivial est vite devenu un v\u00e9ritable r\u00eave : avoir notre propre camping en France, o\u00f9 nous pouvons offrir \u00e0 nos h\u00f4tes exactement ce que nous aimons tant nous-m\u00eames : le calme, la nature et cette sensation particuli\u00e8re de pouvoir enfin respirer.<\/p>\n<\/div><\/div>\n\n<div class=\"et_pb_text_2 et_pb_text et_pb_bg_layout_light et_pb_module et_flex_module\"><div class=\"et_pb_text_inner\"><h3>Comment tout a commenc\u00e9<\/h3>\n<p>Pendant pr\u00e8s d\u2019un an, nous avons cherch\u00e9 \u2013 et en ao\u00fbt 2025, nous l\u2019avons enfin trouv\u00e9 :<br \/>le camping Le Cormier, dans le village idyllique d\u2019Obterre, au c\u0153ur du Centre-Val de Loire.<\/p>\n<p>Une ancienne ferme, nich\u00e9e au milieu d\u2019environ 4 hectares de nature rurale, au calme tout en restant facilement accessible. La premi\u00e8re fois que nous avons parcouru le terrain, nous l\u2019avons su tout de suite : c\u2019\u00e9tait celui-l\u00e0. <\/p>\n<\/div><\/div>\n\n<div class=\"et_pb_text_3 et_pb_text et_pb_bg_layout_light et_pb_module et_flex_module\"><div class=\"et_pb_text_inner\"><h3>Ce qui nous motive<\/h3>\n<p>Une chose est particuli\u00e8rement importante pour nous : que vous vous sentiez vraiment les bienvenus chez nous \u2013 pas comme des clients d\u2019un \u00e9tablissement anonyme, mais comme des amis de passage.<\/p>\n<p>Avec beaucoup de passion et le souci du d\u00e9tail, nous faisons \u00e9voluer Le Cormier pas \u00e0 pas \u2013 toujours avec l\u2019objectif de pr\u00e9server le charme d\u2019origine et le caract\u00e8re naturel du lieu.<\/p>\n<p><strong>Vivre la nature, savourer la libert\u00e9<\/strong> \u2013 ce n\u2019est pas seulement notre devise, c\u2019est notre promesse.<\/p>\n<\/div><\/div>\n\n<div class=\"et_pb_text_4 et_pb_text et_pb_bg_layout_light et_pb_module et_flex_module\"><div class=\"et_pb_text_inner\"><h3>Ce qui vous attend<\/h3>\n<p>Le Cormier est le point de d\u00e9part id\u00e9al pour d\u00e9couvrir la r\u00e9gion : au nord vous attendent les c\u00e9l\u00e8bres ch\u00e2teaux de la Loire, au sud le magnifique parc naturel de la Brenne \u2013 aussi appel\u00e9 le pays des 1\u202f000 \u00e9tangs. Et entre les deux ? Le silence, de vastes \u00e9tendues verdoyantes et beaucoup d\u2019espace pour se d\u00e9tendre.  <\/p>\n<p>Nous proposons <strong>12 emplacements spacieux,<\/strong> <strong>3 studios confortables<\/strong> ainsi que <strong>un g\u00eete<\/strong> \u2013 et nous sommes heureux d\u2019ouvrir le camping (g\u00e9n\u00e9ralement toute l\u2019ann\u00e9e) pour vous.<\/p>\n<p>Que vous souhaitiez vous \u00e9vader du quotidien, profiter de la nature ou simplement recharger vos batteries, vous \u00eates au bon endroit chez nous.<\/p>\n<p>&nbsp;<\/p>\n<\/div><\/div>\n\n<div class=\"et_pb_text_5 et_pb_text et_pb_bg_layout_light et_pb_module et_flex_module\"><div class=\"et_pb_text_inner\"><p>Nous nous r\u00e9jouissons beaucoup de pouvoir vous accueillir personnellement ! \ud83d\ude0a<br \/>Sibylle &amp; Thomas<\/p>\n<\/div><\/div>\n<\/div>\n<\/div>\n<\/div>\n\n<div class=\"et_pb_section_2 et_pb_section et_section_regular et_flex_section section_has_divider et_pb_top_divider preset--module--divi-section--hpgczseiif\"><div class=\"et_pb_top_inside_divider et-no-transition\"><\/div>\n<div class=\"et_pb_row_2 et_pb_row et_flex_row\">\n<div class=\"et_pb_column_2 et_pb_column et-last-child et_flex_column et_pb_css_mix_blend_mode_passthrough et_flex_column_24_24 et_flex_column_24_24_tablet et_flex_column_24_24_phone\">\n<div class=\"et_pb_text_6 et_pb_text et_pb_bg_layout_light et_pb_module et_flex_module\"><div class=\"et_pb_text_inner\"><h2>Notre parcours<\/h2>\n<p>&nbsp;<\/p>\n<p><strong>Sibylle<\/strong> : Je suis n\u00e9e en 1967 et j\u2019ai grandi \u00e0 8134 Adliswil\/Zurich. Je suis la m\u00e8re de deux fils adultes. Avant notre expatriation, j\u2019ai travaill\u00e9 10 ans dans une entreprise de gestion des d\u00e9chets \u00e0 Liesberg\/B\u00e2le-Campagne comme secr\u00e9taire et comptable. Mes hobbies sont le v\u00e9lo \u00e9lectrique, le jardinage et le bricolage. J\u2019aime le contact avec les gens et les animaux, et j\u2019aime \u00eatre dehors, dans la nature.   <\/p>\n<p><strong>Thomas<\/strong> : N\u00e9 en 1964 \u00e0 Laufen\/B\u00e2le-Campagne et ayant grandi \u00e0 Wahlen\/B\u00e2le-Campagne, j\u2019ai 2 enfants adultes, une fille et un fils. Mon premier m\u00e9tier appris \u00e9tait peintre en b\u00e2timent. Avant notre expatriation, j\u2019ai travaill\u00e9 27 ans comme policier \u00e0 la police de B\u00e2le-Campagne, puis encore 8 ans pour 2 communes de la r\u00e9gion b\u00e2loise comme policier municipal. Mes hobbies sont le v\u00e9lo \u00e9lectrique, la collection d\u2019autographes et le bricolage.   <\/p>\n<\/div><\/div>\n<\/div>\n<\/div>\n<\/div>\n\n<div class=\"et_pb_section_3 et_pb_section et_section_regular et_flex_section section_has_divider et_pb_top_divider preset--module--divi-section--5l9dnjx1og\" id=\"ufunddevo\"><div class=\"et_pb_top_inside_divider et-no-transition\"><\/div>\n<div class=\"et_pb_row_3 et_pb_row et_flex_row\">\n<div class=\"et_pb_column_3 et_pb_column et-last-child et_flex_column et_pb_css_mix_blend_mode_passthrough et_flex_column_24_24 et_flex_column_24_24_tablet et_flex_column_24_24_phone\">\n<div class=\"et_pb_text_7 et_pb_text et_pb_bg_layout_light et_pb_module et_flex_module\"><div class=\"et_pb_text_inner\"><h2>Connus gr\u00e2ce \u00e0 la t\u00e9l\u00e9vision suisse : notre aventure dans \u00ab Auf und davon \u00bb<\/h2>\n<\/div><\/div>\n\n<div class=\"et_pb_text_8 et_pb_text et_pb_bg_layout_light et_pb_module et_flex_module\"><div class=\"et_pb_text_inner\"><p data-path-to-node=\"3\">Peut-\u00eatre vous semble-t-on familiers ? Depuis deux ans, l\u2019\u00e9quipe de la <b data-path-to-node=\"3\" data-index-in-node=\"85\">t\u00e9l\u00e9vision suisse SRF<\/b> nous accompagne avec sa cam\u00e9ra dans notre grande aventure. Dans la s\u00e9rie documentaire tr\u00e8s appr\u00e9ci\u00e9e <b data-path-to-node=\"3\" data-index-in-node=\"193\">\u00ab Auf und davon 2026 \u00bb<\/b>, les t\u00e9l\u00e9spectateurs ont pu suivre comment nous avons pli\u00e9 bagage en Suisse pour prendre un nouveau d\u00e9part dans le magnifique Centre-Val de Loire.  <\/p>\n<p data-path-to-node=\"4\">Les six \u00e9pisodes diffus\u00e9s en janvier 2026 montrent sans filtre notre parcours \u2013 avec tous les moments passionnants, les grandes \u00e9motions et, bien s\u00fbr, les hauts et les bas typiques qu\u2019implique une expatriation. Pour nous, \u00eatre devant la cam\u00e9ra \u00e9tait totalement nouveau, mais ce fut une exp\u00e9rience incroyablement excitante de pouvoir partager notre histoire avec tant de personnes. <\/p>\n<\/div><\/div>\n\n<div class=\"et_pb_text_9 et_pb_text et_pb_bg_layout_light et_pb_module et_flex_module\"><div class=\"et_pb_text_inner\"><h3>Et ensuite ?<\/h3>\n<\/div><\/div>\n\n<div class=\"et_pb_text_10 et_pb_text et_pb_bg_layout_light et_pb_module et_flex_module\"><div class=\"et_pb_text_inner\"><p>L\u2019aventure n\u2019est pas termin\u00e9e : en <b data-path-to-node=\"5\" data-index-in-node=\"57\">janvier 2027<\/b> suivra la suite <b data-path-to-node=\"5\" data-index-in-node=\"91\">\u00ab Auf und davon : un an apr\u00e8s \u00bb<\/b>, dans laquelle nous montrerons comment nous nous sommes install\u00e9s \u00e0 Obterre et tout ce qui a chang\u00e9 au camping.<\/p>\n<\/div><\/div>\n\n<div class=\"et_pb_text_11 et_pb_text et_pb_bg_layout_light et_pb_module et_flex_module\"><div class=\"et_pb_text_inner\"><h3>Ne rien manquer<\/h3>\n<\/div><\/div>\n\n<div class=\"et_pb_text_12 et_pb_text et_pb_bg_layout_light et_pb_module et_flex_module\"><div class=\"et_pb_text_inner\"><p>Si vous avez manqu\u00e9 nos \u00e9pisodes ou si vous souhaitez revivre l\u2019aventure avec nous, vous trouverez toutes les \u00e9missions (\u00e9pisodes 1 \u00e0 6) \u00e0 tout moment sur <b data-path-to-node=\"6\" data-index-in-node=\"158\">Play SRF<\/b> ou sur <b data-path-to-node=\"6\" data-index-in-node=\"176\">YouTube<\/b> en recherchant \u00ab Auf und davon 2026 \u00bb.<\/p>\n<\/div><\/div>\n\n<div class=\"et_pb_group_0 et_pb_group et_pb_module et_flex_group et_pb_css_mix_blend_mode_passthrough\">\n<a class=\"et_pb_link_0 et_pb_link et_pb_module et_flex_module preset--module--divi-link--default\" href=\"https:\/\/www.srf.ch\/play\/tv\/sendung\/dok---auf-und-davon?id=c3f6b6b4-0770-0001-42bf-1f101bb44800\" target=\"_blank\" rel=\"noopener noreferrer\"><span class=\"et_pb_link_inner\">Play SRF<\/span><\/a>\n\n<a class=\"et_pb_link_1 et_pb_link et_pb_module et_flex_module preset--module--divi-link--default\" href=\"https:\/\/youtu.be\/xZfUJCoQaBk?si=Vtc20UV0gFr6ub6L\" target=\"_blank\" rel=\"noopener noreferrer\"><span class=\"et_pb_link_inner\">YouTube \u2013 partie 1<\/span><\/a>\n\n<a class=\"et_pb_link_2 et_pb_link et_pb_module et_flex_module preset--module--divi-link--default\" href=\"https:\/\/youtu.be\/9zbAMQzX_3k?si=jrqajXtnjqOpCLjH\" target=\"_blank\" rel=\"noopener noreferrer\"><span class=\"et_pb_link_inner\">YouTube \u2013 partie 2<\/span><\/a>\n\n<a class=\"et_pb_link_3 et_pb_link et_pb_module et_flex_module preset--module--divi-link--default\" href=\"https:\/\/youtu.be\/yovrCITFGqc?si=3Ji5Mrj0Y2l9VLgC\" target=\"_blank\" rel=\"noopener noreferrer\"><span class=\"et_pb_link_inner\">YouTube \u2013 partie 3<\/span><\/a>\n<\/div>\n\n<div class=\"et_pb_group_1 et_pb_group et_pb_module et_flex_group et_pb_css_mix_blend_mode_passthrough\">\n<a class=\"et_pb_link_4 et_pb_link et_pb_module et_flex_module preset--module--divi-link--default\" href=\"https:\/\/youtu.be\/HubJcoMbtAY?si=G4bWS5tlzoBkJ55u\" target=\"_blank\" rel=\"noopener noreferrer\"><span class=\"et_pb_link_inner\">YouTube \u2013 partie 4<\/span><\/a>\n\n<a class=\"et_pb_link_5 et_pb_link et_pb_module et_flex_module preset--module--divi-link--default\" href=\"https:\/\/youtu.be\/2zvTXYxEnHo?si=iFgtsO8D-fIwlNz8\" target=\"_blank\" rel=\"noopener noreferrer\"><span class=\"et_pb_link_inner\">YouTube \u2013 partie 5<\/span><\/a>\n\n<a class=\"et_pb_link_6 et_pb_link et_pb_module et_flex_module preset--module--divi-link--default\" href=\"https:\/\/youtu.be\/LcIl8khO2Vs?si=OvbAYGgn0JjZh9ql\" target=\"_blank\" rel=\"noopener noreferrer\"><span class=\"et_pb_link_inner\">YouTube \u2013 partie 6<\/span><\/a>\n<\/div>\n\n<div class=\"et_pb_text_13 et_pb_text et_pb_bg_layout_light et_pb_module et_flex_module\"><div class=\"et_pb_text_inner\"><p>Nous nous r\u00e9jouissons de pouvoir vous accueillir au camping Le Cormier \u00e0 Obterre, dans le Centre-Val de Loire.<\/p>\n<\/div><\/div>\n<\/div>\n<\/div>\n<\/div>","protected":false},"excerpt":{"rendered":"","protected":false},"author":1,"featured_media":849,"parent":0,"menu_order":0,"comment_status":"closed","ping_status":"closed","template":"","meta":{"_et_pb_use_builder":"on","_et_pb_old_content":"","_et_gb_content_width":"","footnotes":""},"class_list":["post-848","page","type-page","status-publish","has-post-thumbnail","hentry"],"_links":{"self":[{"href":"https:\/\/camping-le-cormier.fr\/fr\/wp-json\/wp\/v2\/pages\/848","targetHints":{"allow":["GET"]}}],"collection":[{"href":"https:\/\/camping-le-cormier.fr\/fr\/wp-json\/wp\/v2\/pages"}],"about":[{"href":"https:\/\/camping-le-cormier.fr\/fr\/wp-json\/wp\/v2\/types\/page"}],"author":[{"embeddable":true,"href":"https:\/\/camping-le-cormier.fr\/fr\/wp-json\/wp\/v2\/users\/1"}],"replies":[{"embeddable":true,"href":"https:\/\/camping-le-cormier.fr\/fr\/wp-json\/wp\/v2\/comments?post=848"}],"version-history":[{"count":2,"href":"https:\/\/camping-le-cormier.fr\/fr\/wp-json\/wp\/v2\/pages\/848\/revisions"}],"predecessor-version":[{"id":1009,"href":"https:\/\/camping-le-cormier.fr\/fr\/wp-json\/wp\/v2\/pages\/848\/revisions\/1009"}],"wp:featuredmedia":[{"embeddable":true,"href":"https:\/\/camping-le-cormier.fr\/fr\/wp-json\/wp\/v2\/media\/849"}],"wp:attachment":[{"href":"https:\/\/camping-le-cormier.fr\/fr\/wp-json\/wp\/v2\/media?parent=848"}],"curies":[{"name":"wp","href":"https:\/\/api.w.org\/{rel}","templated":true}]}}