{"id":851,"date":"2026-02-28T16:13:08","date_gmt":"2026-02-28T15:13:08","guid":{"rendered":"https:\/\/camping-le-cormier.fr\/gites-et-studios-pour-2-a-6-personnes\/"},"modified":"2026-04-22T12:00:22","modified_gmt":"2026-04-22T10:00:22","slug":"gites-et-studios-pour-2-a-6-personnes","status":"publish","type":"page","link":"https:\/\/camping-le-cormier.fr\/fr\/gites-et-studios-pour-2-a-6-personnes\/","title":{"rendered":"G\u00eetes et studios pour 2 \u00e0 6 personnes"},"content":{"rendered":"<div class=\"et_pb_section_0 et_pb_section et_section_regular et_flex_section preset--module--divi-section--9l2ybj32nq\">\n<div class=\"et_pb_row_0 et_pb_row et_flex_row\">\n<div class=\"et_pb_column_0 et_pb_column et-last-child et_block_column et_pb_css_mix_blend_mode_passthrough et_flex_column_24_24 et_flex_column_24_24_tablet et_flex_column_24_24_phone\">\n<div class=\"et_pb_heading_0 et_pb_heading et_pb_module et_flex_module preset--module--divi-heading--a1f1fbtv9h\"><div class=\"et_pb_heading_container\"><h1 class=\"et_pb_module_header\">G\u00eetes et studios pour 2 \u00e0 6 personnes<\/h1><\/div><\/div>\n<\/div>\n<\/div>\n<\/div>\n\n<div class=\"et_pb_section_1 et_pb_section et_section_regular et_flex_section\">\n<div class=\"et_pb_row_1 et_pb_row et_flex_row\">\n<div class=\"et_pb_column_1 et_pb_column et-last-child et_flex_column et_pb_css_mix_blend_mode_passthrough et_flex_column_24_24 et_flex_column_24_24_tablet et_flex_column_24_24_phone\">\n<div class=\"et_pb_dropdown_0 et_pb_dropdown et_pb_dropdown_hidden et_pb_module et_flex_module\" data-show-dropdown-on=\"hover\" data-dropdown-direction=\"below\" data-dropdown-alignment=\"end\" data-dropdown-offset=\"16px\" data-dropdown-position=\"floating\">\n<div class=\"et_pb_icon_0 et_pb_icon et_pb_module et_flex_module\"><span class=\"et_pb_icon_wrap\"><span class=\"et-pb-icon\">;<\/span><\/span><\/div>\n<\/div>\n<\/div>\n<\/div>\n<\/div>\n\n<div class=\"et_pb_section_2 et_pb_section et_section_regular et_flex_section section_has_divider et_pb_top_divider preset--module--divi-section--hpgczseiif\"><div class=\"et_pb_top_inside_divider et-no-transition\"><\/div>\n<div class=\"et_pb_row_2 et_pb_row et_flex_row\">\n<div class=\"et_pb_column_2 et_pb_column et-last-child et_flex_column et_pb_css_mix_blend_mode_passthrough et_flex_column_24_24 et_flex_column_24_24_tablet et_flex_column_24_24_phone\">\n<div class=\"et_pb_text_0 et_pb_text et_pb_bg_layout_light et_pb_module et_flex_module\"><div class=\"et_pb_text_inner\"><h2 class=\"mt-6 mb-2 font-semibold text-2xl\" data-streamdown=\"heading-2\">Votre maison de vacances cosy<\/h2>\n<p>Dans une grange r\u00e9am\u00e9nag\u00e9e avec soin, juste au bord de l\u2019\u00e9tang idyllique, notre maison de vacances <strong>G\u00eete la Grange rustique<\/strong> vous attend : un v\u00e9ritable cocon pour jusqu\u2019\u00e0 6 personnes. La cuisine int\u00e9gr\u00e9e enti\u00e8rement \u00e9quip\u00e9e, avec de nombreux rangements, offre tout ce dont vous avez besoin pour des journ\u00e9es de vacances en toute s\u00e9r\u00e9nit\u00e9. Ici, vous pouvez cuisiner, savourer et partager de bons moments, comme \u00e0 la maison !  <\/p>\n<h2 class=\"mt-6 mb-2 font-semibold text-2xl\" data-streamdown=\"heading-2\">Studios modernes dans le b\u00e2timent principal<\/h2>\n<p>Nous avons r\u00e9cemment r\u00e9nov\u00e9 nos trois studios dans le b\u00e2timent principal avec beaucoup de passion. Chaque studio vous offre : <\/p>\n<ul>\n<li><span class=\"font-semibold\" data-streamdown=\"strong\">\u00c9quipement moderne<\/span> avec sanitaires neufs<\/li>\n<li><span class=\"font-semibold\" data-streamdown=\"strong\">Kitchenette pratique<\/span> pour cuisiner en autonomie<\/li>\n<li><span class=\"font-semibold\" data-streamdown=\"strong\">Rangements bien pens\u00e9s<\/span> avec placards muraux int\u00e9gr\u00e9s<\/li>\n<li><span class=\"font-semibold\" data-streamdown=\"strong\">Ambiance confortable<\/span> gr\u00e2ce au chauffage \u00e9lectrique et aux ventilateurs de plafond<\/li>\n<\/ul>\n<p>En famille, en couple ou entre amis : chez nous, vous trouverez l\u2019h\u00e9bergement id\u00e9al pour vos vacances en France. Nous nous r\u00e9jouissons de vous accueillir personnellement et de vous offrir un s\u00e9jour inoubliable ! <\/p>\n<\/div><\/div>\n<\/div>\n<\/div>\n\n<div class=\"et_pb_row_3 et_pb_row et_flex_row\"><div class=\"et_pb_column_3 et_pb_column et_flex_column et_pb_css_mix_blend_mode_passthrough et_flex_column_24_24 et_flex_column_24_24_tablet et_flex_column_24_24_phone\" data-loop-item=\"0\">\n<div class=\"et_pb_group_0 et_pb_group et-last-child et_pb_module et_flex_group et_pb_css_mix_blend_mode_passthrough\">\n<div class=\"et_pb_image_0 et_pb_image et_pb_module et_flex_module\"><a href=\"https:\/\/camping-le-cormier.fr\/fr\/project\/gite-la-grange-rustique\/\"><span class=\"et_pb_image_wrap\"><img loading=\"lazy\" decoding=\"async\" src=\"https:\/\/camping-le-cormier.fr\/wp-content\/uploads\/2026\/03\/camping-gite-sofas-hoch.jpg\" alt=\"G\u00eete Loiretal pour 6 personnes \" title=\"camping-gite-sofas-hoch\" width=\"400\" height=\"600\" srcset=\"https:\/\/camping-le-cormier.fr\/wp-content\/uploads\/2026\/03\/camping-gite-sofas-hoch.jpg 400w, https:\/\/camping-le-cormier.fr\/wp-content\/uploads\/2026\/03\/camping-gite-sofas-hoch-200x300.jpg 200w\" sizes=\"(max-width: 400px) 100vw, 400px\" class=\"wp-image-418\" \/><\/span><\/a><\/div>\n\n<div class=\"et_pb_group_1 et_pb_group et-last-child et_pb_module et_flex_group et_pb_css_mix_blend_mode_passthrough\">\n<div class=\"et_pb_text_1 et_pb_text et_pb_bg_layout_light et_pb_module et_flex_module\"><div class=\"et_pb_text_inner\"><p>G\u00eete la Grange rustique<\/p>\n<\/div><\/div>\n\n<div class=\"et_pb_text_2 et_pb_text et_pb_bg_layout_light et_pb_module et_flex_module\"><div class=\"et_pb_text_inner\"><p>Votre location de vacances pouvant accueillir jusqu&rsquo;\u00e0 6 personnes dans une grange r\u00e9nov\u00e9e : un lieu chaleureux et spacieux.<\/p>\n<\/div><\/div>\n<\/div>\n<\/div>\n<\/div><div class=\"et_pb_column_4 et_pb_column et_flex_column et_pb_css_mix_blend_mode_passthrough et_flex_column_24_24 et_flex_column_24_24_tablet et_flex_column_24_24_phone\" data-loop-item=\"1\">\n<div class=\"et_pb_group_2 et_pb_group et-last-child et_pb_module et_flex_group et_pb_css_mix_blend_mode_passthrough\">\n<div class=\"et_pb_image_1 et_pb_image et_pb_module et_flex_module\"><a href=\"https:\/\/camping-le-cormier.fr\/fr\/project\/studio-la-princesse\/\"><span class=\"et_pb_image_wrap\"><img loading=\"lazy\" decoding=\"async\" src=\"https:\/\/camping-le-cormier.fr\/wp-content\/uploads\/2026\/03\/studio-la-princesse-doppelbett.webp\" alt=\"Studio Princesse grand lit\" title=\"studio-la-princesse-doppelbett\" width=\"400\" height=\"600\" srcset=\"https:\/\/camping-le-cormier.fr\/wp-content\/uploads\/2026\/03\/studio-la-princesse-doppelbett.webp 400w, https:\/\/camping-le-cormier.fr\/wp-content\/uploads\/2026\/03\/studio-la-princesse-doppelbett-200x300.webp 200w\" sizes=\"(max-width: 400px) 100vw, 400px\" class=\"wp-image-124\" \/><\/span><\/a><\/div>\n\n<div class=\"et_pb_group_3 et_pb_group et-last-child et_pb_module et_flex_group et_pb_css_mix_blend_mode_passthrough\">\n<div class=\"et_pb_text_3 et_pb_text et_pb_bg_layout_light et_pb_module et_flex_module\"><div class=\"et_pb_text_inner\"><p>Studio la Princesse<\/p>\n<\/div><\/div>\n\n<div class=\"et_pb_text_4 et_pb_text et_pb_bg_layout_light et_pb_module et_flex_module\"><div class=\"et_pb_text_inner\"><p>Un h\u00e9bergement royal pour 4 personnes : laissez-vous s\u00e9duire. Avec cuisine et salle de bains s\u00e9par\u00e9e. <\/p>\n<\/div><\/div>\n<\/div>\n<\/div>\n<\/div><div class=\"et_pb_column_5 et_pb_column et_flex_column et_pb_css_mix_blend_mode_passthrough et_flex_column_24_24 et_flex_column_24_24_tablet et_flex_column_24_24_phone\" data-loop-item=\"2\">\n<div class=\"et_pb_group_4 et_pb_group et-last-child et_pb_module et_flex_group et_pb_css_mix_blend_mode_passthrough\">\n<div class=\"et_pb_image_2 et_pb_image et_pb_module et_flex_module\"><a href=\"https:\/\/camping-le-cormier.fr\/fr\/project\/studio-lafrique\/\"><span class=\"et_pb_image_wrap\"><img loading=\"lazy\" decoding=\"async\" src=\"https:\/\/camping-le-cormier.fr\/wp-content\/uploads\/2026\/03\/studio-lafrique-wohn-essbereich.webp\" alt=\"Studio l&#039;Afrique Schlaf-Wohnbereich\" title=\"studio-lafrique-wohn-essbereich\" width=\"400\" height=\"600\" srcset=\"https:\/\/camping-le-cormier.fr\/wp-content\/uploads\/2026\/03\/studio-lafrique-wohn-essbereich.webp 400w, https:\/\/camping-le-cormier.fr\/wp-content\/uploads\/2026\/03\/studio-lafrique-wohn-essbereich-200x300.webp 200w\" sizes=\"(max-width: 400px) 100vw, 400px\" class=\"wp-image-134\" \/><\/span><\/a><\/div>\n\n<div class=\"et_pb_group_5 et_pb_group et-last-child et_pb_module et_flex_group et_pb_css_mix_blend_mode_passthrough\">\n<div class=\"et_pb_text_5 et_pb_text et_pb_bg_layout_light et_pb_module et_flex_module\"><div class=\"et_pb_text_inner\"><p>Studio l&#039;Afrique<\/p>\n<\/div><\/div>\n\n<div class=\"et_pb_text_6 et_pb_text et_pb_bg_layout_light et_pb_module et_flex_module\"><div class=\"et_pb_text_inner\"><p>Une ambiance safari dans un studio pour 2 personnes. Avec cuisine et salle de bains moderne. <\/p>\n<\/div><\/div>\n<\/div>\n<\/div>\n<\/div><div class=\"et_pb_column_6 et_pb_column et-last-child et_flex_column et_pb_css_mix_blend_mode_passthrough et_flex_column_24_24 et_flex_column_24_24_tablet et_flex_column_24_24_phone\" data-loop-item=\"3\">\n<div class=\"et_pb_group_6 et_pb_group et-last-child et_pb_module et_flex_group et_pb_css_mix_blend_mode_passthrough\">\n<div class=\"et_pb_image_3 et_pb_image et_pb_module et_flex_module\"><a href=\"https:\/\/camping-le-cormier.fr\/fr\/project\/studio-loriental\/\"><span class=\"et_pb_image_wrap\"><img loading=\"lazy\" decoding=\"async\" src=\"https:\/\/camping-le-cormier.fr\/wp-content\/uploads\/2026\/03\/studio-loriental-wohn-essbereich.webp\" alt=\"Studio l\u2019Orient \u2013 espace salon-salle \u00e0 manger\" title=\"studio-loriental-wohn-essbereich\" width=\"400\" height=\"600\" srcset=\"https:\/\/camping-le-cormier.fr\/wp-content\/uploads\/2026\/03\/studio-loriental-wohn-essbereich.webp 400w, https:\/\/camping-le-cormier.fr\/wp-content\/uploads\/2026\/03\/studio-loriental-wohn-essbereich-200x300.webp 200w\" sizes=\"(max-width: 400px) 100vw, 400px\" class=\"wp-image-140\" \/><\/span><\/a><\/div>\n\n<div class=\"et_pb_group_7 et_pb_group et-last-child et_pb_module et_flex_group et_pb_css_mix_blend_mode_passthrough\">\n<div class=\"et_pb_text_7 et_pb_text et_pb_bg_layout_light et_pb_module et_flex_module\"><div class=\"et_pb_text_inner\"><p>Studio l\u2019Oriental<\/p>\n<\/div><\/div>\n\n<div class=\"et_pb_text_8 et_pb_text et_pb_bg_layout_light et_pb_module et_flex_module\"><div class=\"et_pb_text_inner\"><p>1001 nuits orientales dans le studio pour 2 personnes. Avec cuisine et salle de bains moderne. <\/p>\n<\/div><\/div>\n<\/div>\n<\/div>\n<\/div><\/div>\n\n<div class=\"et_pb_row_4 et_pb_row et_flex_row\">\n<div class=\"et_pb_column_7 et_pb_column et-last-child et_flex_column et_pb_css_mix_blend_mode_passthrough et_flex_column_24_24 et_flex_column_24_24_tablet et_flex_column_24_24_phone\">\n<div class=\"et_pb_group_8 et_pb_group et-last-child et_pb_module et_flex_group et_pb_css_mix_blend_mode_passthrough\">\n<div class=\"et_pb_module et_pb_button_module_wrapper et_pb_button_0_wrapper preset--group--divi-button--divi-button--hi917qs--default_wrapper preset--module--divi-button--default_wrapper\"><a class=\"et_pb_button_0 et_pb_button et_pb_bg_layout_light et_pb_module et_block_module preset--group--divi-button--divi-button--hi917qs--default preset--module--divi-button--default\" href=\"https:\/\/camping-le-cormier.fr\/buchen-camping-le-cormier\/\">R\u00e9server<\/a><\/div>\n\n<div class=\"et_pb_module et_pb_button_module_wrapper et_pb_button_1_wrapper preset--group--divi-button--divi-button--hi917qs--default_wrapper preset--module--divi-button--default_wrapper\"><a class=\"et_pb_button_1 et_pb_button et_pb_bg_layout_light et_pb_module et_block_module preset--group--divi-button--divi-button--hi917qs--default preset--module--divi-button--default\" href=\"https:\/\/camping-le-cormier.fr\/preisliste-camping-le-cormier\/\">Tarifs<\/a><\/div>\n<\/div>\n<\/div>\n<\/div>\n<\/div>\n\n<div class=\"et_pb_section_3 et_pb_section et_section_regular et_flex_section section_has_divider et_pb_top_divider preset--module--divi-section--5l9dnjx1og\" id=\"sorglos-service\"><div class=\"et_pb_top_inside_divider et-no-transition\"><\/div>\n<div class=\"et_pb_row_5 et_pb_row et_flex_row\">\n<div class=\"et_pb_column_8 et_pb_column et-last-child et_flex_column et_pb_css_mix_blend_mode_passthrough et_flex_column_24_24 et_flex_column_24_24_tablet et_flex_column_24_24_phone\">\n<div class=\"et_pb_text_9 et_pb_text et_pb_bg_layout_light et_pb_module et_flex_module\"><div class=\"et_pb_text_inner\"><h2><b data-path-to-node=\"4\" data-index-in-node=\"0\">Sans souci : notre service tout compris pour vous<\/b><\/h2>\n<\/div><\/div>\n\n<div class=\"et_pb_text_10 et_pb_text et_pb_bg_layout_light et_pb_module et_flex_module\"><div class=\"et_pb_text_inner\"><p>Pour que vos vacances dans la vall\u00e9e de la Loire commencent en toute d\u00e9tente d\u00e8s le premier instant, nous avons pens\u00e9 \u00e0 tout. Dans nos g\u00eetes et studios, vous profitez d\u2019un confort total et d\u2019un \u00e9quipement qui r\u00e9pond \u00e0 toutes vos attentes. <\/p>\n<\/div><\/div>\n\n<div class=\"et_pb_text_11 et_pb_text et_pb_bg_layout_light et_pb_module et_flex_module\"><div class=\"et_pb_text_inner\"><h3>Bien-\u00eatre &amp; d\u00e9tente<\/h3>\n<\/div><\/div>\n\n<div class=\"et_pb_blurb_0 et_pb_blurb et_pb_bg_layout_light et_pb_blurb_position_left et_pb_module et_flex_module\"><div class=\"et_pb_blurb_content et_flex_module\"><div class=\"et_pb_main_blurb_image et_animated\"><span class=\"et_pb_image_wrap\"><span class=\"et-pb-icon\">\uf236<\/span><\/span><\/div><div class=\"et_pb_blurb_container\"><h4 class=\"et_pb_module_header\">Service de literie<\/h4><div class=\"et_pb_blurb_description\"><p>Profitez de lits fra\u00eechement faits et de serviettes douces \u2014 nous mettons les deux gratuitement \u00e0 votre disposition.<\/p>\n<\/div><\/div><\/div><\/div>\n\n<div class=\"et_pb_blurb_1 et_pb_blurb et_pb_bg_layout_light et_pb_blurb_position_left et_pb_module et_flex_module\"><div class=\"et_pb_blurb_content et_flex_module\"><div class=\"et_pb_main_blurb_image et_animated\"><span class=\"et_pb_image_wrap\"><span class=\"et-pb-icon\">\uf76b<\/span><\/span><\/div><div class=\"et_pb_blurb_container\"><h4 class=\"et_pb_module_header\">Climat id\u00e9al<\/h4><div class=\"et_pb_blurb_description\"><p>Toutes les chambres sont chauff\u00e9es pour les soir\u00e9es fra\u00eeches et \u00e9quip\u00e9es de ventilateurs de plafond pour une brise agr\u00e9able en \u00e9t\u00e9.<\/p>\n<\/div><\/div><\/div><\/div>\n\n<div class=\"et_pb_blurb_2 et_pb_blurb et_pb_bg_layout_light et_pb_blurb_position_left et_pb_module et_flex_module\"><div class=\"et_pb_blurb_content et_flex_module\"><div class=\"et_pb_main_blurb_image et_animated\"><span class=\"et_pb_image_wrap\"><span class=\"et-pb-icon\">\uf6d3<\/span><\/span><\/div><div class=\"et_pb_blurb_container\"><h4 class=\"et_pb_module_header\">Animaux bienvenus<\/h4><div class=\"et_pb_blurb_description\"><p>Votre animal fait partie de la famille ? Chez nous, il est le bienvenu ! <\/p>\n<\/div><\/div><\/div><\/div>\n\n<div class=\"et_pb_text_12 et_pb_text et_pb_bg_layout_light et_pb_module et_flex_module\"><div class=\"et_pb_text_inner\"><h3>Divertissement &amp; connexion<\/h3>\n<\/div><\/div>\n\n<div class=\"et_pb_blurb_3 et_pb_blurb et_pb_bg_layout_light et_pb_blurb_position_left et_pb_module et_flex_module\"><div class=\"et_pb_blurb_content et_flex_module\"><div class=\"et_pb_main_blurb_image et_animated\"><span class=\"et_pb_image_wrap\"><span class=\"et-pb-icon\">\uf26c<\/span><\/span><\/div><div class=\"et_pb_blurb_container\"><h4 class=\"et_pb_module_header\">TV internationale<\/h4><div class=\"et_pb_blurb_description\"><p>Recevez vos cha\u00eenes fran\u00e7aises, allemandes et anglaises habituelles<\/p>\n<\/div><\/div><\/div><\/div>\n\n<div class=\"et_pb_blurb_4 et_pb_blurb et_pb_bg_layout_light et_pb_blurb_position_left et_pb_module et_flex_module\"><div class=\"et_pb_blurb_content et_flex_module\"><div class=\"et_pb_main_blurb_image et_animated\"><span class=\"et_pb_image_wrap\"><span class=\"et-pb-icon\">\uf008<\/span><\/span><\/div><div class=\"et_pb_blurb_container\"><h4 class=\"et_pb_module_header\">Soir\u00e9e cin\u00e9ma<\/h4><div class=\"et_pb_blurb_description\"><p>Sur demande, nous vous pr\u00eatons volontiers un lecteur DVD et une s\u00e9lection de films.<\/p>\n<\/div><\/div><\/div><\/div>\n\n<div class=\"et_pb_blurb_5 et_pb_blurb et_pb_bg_layout_light et_pb_blurb_position_left et_pb_module et_flex_module\"><div class=\"et_pb_blurb_content et_flex_module\"><div class=\"et_pb_main_blurb_image et_animated\"><span class=\"et_pb_image_wrap\"><span class=\"et-pb-icon\">\uf1eb<\/span><\/span><\/div><div class=\"et_pb_blurb_container\"><h4 class=\"et_pb_module_header\">En ligne partout<\/h4><div class=\"et_pb_blurb_description\"><p>Profitez de notre Wi-Fi gratuit sur l\u2019ensemble du domaine.<\/p>\n<\/div><\/div><\/div><\/div>\n\n<div class=\"et_pb_text_13 et_pb_text et_pb_bg_layout_light et_pb_module et_flex_module\"><div class=\"et_pb_text_inner\"><h3>Des extras pratiques au quotidien<\/h3>\n<\/div><\/div>\n\n<div class=\"et_pb_blurb_6 et_pb_blurb et_pb_bg_layout_light et_pb_blurb_position_left et_pb_module et_flex_module\"><div class=\"et_pb_blurb_content et_flex_module\"><div class=\"et_pb_main_blurb_image et_animated\"><span class=\"et_pb_image_wrap\"><span class=\"et-pb-icon\">\ue06e<\/span><\/span><\/div><div class=\"et_pb_blurb_container\"><h4 class=\"et_pb_module_header\">Service de blanchisserie<\/h4><div class=\"et_pb_blurb_description\"><p>Une machine \u00e0 laver et un s\u00e8che-linge sont \u00e0 votre disposition moyennant un petit suppl\u00e9ment.<\/p>\n<\/div><\/div><\/div><\/div>\n\n<div class=\"et_pb_blurb_7 et_pb_blurb et_pb_bg_layout_light et_pb_blurb_position_left et_pb_module et_flex_module\"><div class=\"et_pb_blurb_content et_flex_module\"><div class=\"et_pb_main_blurb_image et_animated\"><span class=\"et_pb_image_wrap\"><span class=\"et-pb-icon\">\uf553<\/span><\/span><\/div><div class=\"et_pb_blurb_container\"><h4 class=\"et_pb_module_header\">Entretien du linge<\/h4><div class=\"et_pb_blurb_description\"><p>Planche \u00e0 repasser, fer \u00e0 repasser et m\u00eame une machine \u00e0 coudre sont \u00e0 votre disposition \u2014 il vous suffit de nous le signaler bri\u00e8vement \u00e0 la r\u00e9ception.<\/p>\n<\/div><\/div><\/div><\/div>\n<\/div>\n<\/div>\n<\/div>","protected":false},"excerpt":{"rendered":"","protected":false},"author":1,"featured_media":852,"parent":0,"menu_order":0,"comment_status":"closed","ping_status":"closed","template":"","meta":{"_et_pb_use_builder":"on","_et_pb_old_content":"","_et_gb_content_width":"","footnotes":""},"class_list":["post-851","page","type-page","status-publish","has-post-thumbnail","hentry"],"_links":{"self":[{"href":"https:\/\/camping-le-cormier.fr\/fr\/wp-json\/wp\/v2\/pages\/851","targetHints":{"allow":["GET"]}}],"collection":[{"href":"https:\/\/camping-le-cormier.fr\/fr\/wp-json\/wp\/v2\/pages"}],"about":[{"href":"https:\/\/camping-le-cormier.fr\/fr\/wp-json\/wp\/v2\/types\/page"}],"author":[{"embeddable":true,"href":"https:\/\/camping-le-cormier.fr\/fr\/wp-json\/wp\/v2\/users\/1"}],"replies":[{"embeddable":true,"href":"https:\/\/camping-le-cormier.fr\/fr\/wp-json\/wp\/v2\/comments?post=851"}],"version-history":[{"count":3,"href":"https:\/\/camping-le-cormier.fr\/fr\/wp-json\/wp\/v2\/pages\/851\/revisions"}],"predecessor-version":[{"id":1143,"href":"https:\/\/camping-le-cormier.fr\/fr\/wp-json\/wp\/v2\/pages\/851\/revisions\/1143"}],"wp:featuredmedia":[{"embeddable":true,"href":"https:\/\/camping-le-cormier.fr\/fr\/wp-json\/wp\/v2\/media\/852"}],"wp:attachment":[{"href":"https:\/\/camping-le-cormier.fr\/fr\/wp-json\/wp\/v2\/media?parent=851"}],"curies":[{"name":"wp","href":"https:\/\/api.w.org\/{rel}","templated":true}]}}