{"id":854,"date":"2026-03-07T17:04:04","date_gmt":"2026-03-07T16:04:04","guid":{"rendered":"https:\/\/camping-le-cormier.fr\/reserver-camping-le-cormier\/"},"modified":"2026-04-22T12:27:55","modified_gmt":"2026-04-22T10:27:55","slug":"reserver-camping-le-cormier","status":"publish","type":"page","link":"https:\/\/camping-le-cormier.fr\/fr\/reserver-camping-le-cormier\/","title":{"rendered":"R\u00e9server Camping le Cormier"},"content":{"rendered":"<div class=\"et_pb_section_0 et_pb_section et_section_regular et_flex_section preset--module--divi-section--9l2ybj32nq\">\n<div class=\"et_pb_row_0 et_pb_row et_pb_gutters1 et_block_row preset--module--divi-row--w00b5cjig3\">\n<div class=\"et_pb_column_0 et_pb_column et_pb_column_4_4 et-last-child et_block_column et_pb_css_mix_blend_mode_passthrough\">\n<div class=\"et_pb_heading_0 et_pb_heading et_pb_module et_flex_module preset--module--divi-heading--a1f1fbtv9h\"><div class=\"et_pb_heading_container\"><h1 class=\"et_pb_module_header\">R\u00e9server Camping le Cormier<\/h1><\/div><\/div>\n<\/div>\n<\/div>\n<\/div>\n\n<div class=\"et_pb_section_1 et_pb_section et_section_regular et_flex_section section_has_divider et_pb_top_divider preset--module--divi-section--5l9dnjx1og\"><div class=\"et_pb_top_inside_divider et-no-transition\"><\/div>\n<div class=\"et_pb_row_1 et_pb_row et_flex_row\">\n<div class=\"et_pb_column_1 et_pb_column et-last-child et_flex_column et_pb_css_mix_blend_mode_passthrough et_flex_column_24_24 et_flex_column_24_24_tablet et_flex_column_24_24_phone\">\n<div class=\"et_pb_text_0 et_pb_text et_pb_bg_layout_light et_pb_module et_flex_module\"><div class=\"et_pb_text_inner\"><h2 data-path-to-node=\"2\"><b data-path-to-node=\"2\" data-index-in-node=\"0\">Votre s\u00e9jour au Cormier : R\u00e9servez simplement et directement<\/b><\/h2>\n<p data-path-to-node=\"3\">Nous sommes ravis que vous souhaitiez passer vos vacances chez nous dans la Vall\u00e9e de la Loire. Pour votre r\u00e9servation, la <b data-path-to-node=\"3\" data-index-in-node=\"108\">r\u00e9servation en ligne<\/b> est le moyen le plus rapide et le plus s\u00fbr. <\/p>\n<\/div><\/div>\n\n<div class=\"et_pb_text_1 et_pb_text et_pb_bg_layout_light et_pb_module et_flex_module\"><div class=\"et_pb_text_inner\"><h3 data-path-to-node=\"4\"><b data-path-to-node=\"4\" data-index-in-node=\"0\">Profitez de notre avantage de r\u00e9servation directe<\/b><\/h3>\n<p data-path-to-node=\"5\">Le saviez-vous ? Si vous r\u00e9servez directement via notre site web, nous vous garantissons les <b data-path-to-node=\"5\" data-index-in-node=\"89\">meilleurs prix<\/b>. Compar\u00e9 aux grandes plateformes comme Booking.com, Airbnb ou PitchUp, vous \u00e9conomisez de l'argent chez nous, car aucun frais d'interm\u00e9diaire suppl\u00e9mentaire n'est appliqu\u00e9.  <\/p>\n<\/div><\/div>\n\n<div class=\"et_pb_text_2 et_pb_text et_pb_bg_layout_light et_pb_module et_flex_module\"><div class=\"et_pb_text_inner\"><p data-path-to-node=\"6\"><b data-path-to-node=\"6\" data-index-in-node=\"0\">C'est aussi simple que \u00e7a :<\/b><\/p>\n<ol>\n<li data-path-to-node=\"7,0,0\">Saisissez vos dates de voyage souhait\u00e9es ci-dessous.<\/li>\n<li data-path-to-node=\"7,0,0\">Affichez toutes les h\u00e9bergements et emplacements disponibles.<\/li>\n<li data-path-to-node=\"7,2,0\">Choisissez votre favori et finalisez la r\u00e9servation directement.<\/li>\n<\/ol>\n<\/div><\/div>\n\n<div class=\"et_pb_text_3 et_pb_text et_pb_bg_layout_light et_pb_module et_flex_module\"><div class=\"et_pb_text_inner\"><h3 data-path-to-node=\"8\"><b data-path-to-node=\"8\" data-index-in-node=\"0\">Vous avez encore des questions ?<\/b><\/h3>\n<p data-path-to-node=\"9\">Pour toute demande g\u00e9n\u00e9rale, veuillez utiliser notre <a href=\"https:\/\/camping-le-cormier.fr\/fr\/contact-camping-le-cormier\/\"><b data-path-to-node=\"9\" data-index-in-node=\"47\">formulaire de contact<\/b><\/a>. Nous serons ravis de vous conseiller personnellement afin de trouver l'h\u00e9bergement adapt\u00e9 \u00e0 vos besoins. <\/p>\n<\/div><\/div>\n\n<div class=\"et_pb_text_4 et_pb_text et_pb_bg_layout_light et_pb_module et_flex_module\"><div class=\"et_pb_text_inner\"><h3 data-path-to-node=\"10\"><b data-path-to-node=\"10\" data-index-in-node=\"0\">Note importante pour les voyageurs spontan\u00e9s<\/b><\/h3>\n<p data-path-to-node=\"11\">Si vous d\u00e9cidez de ne pas effectuer de r\u00e9servation directe en ligne, nous vous recommandons vivement de nous contacter bri\u00e8vement avant votre arriv\u00e9e. Nous pourrons ainsi v\u00e9rifier la disponibilit\u00e9 actuelle et nous assurer que l'emplacement souhait\u00e9 est libre \u00e0 votre arriv\u00e9e. <\/p>\n<\/div><\/div>\n\n<div class=\"et_pb_text_5 et_pb_text et_pb_bg_layout_light et_pb_module et_flex_module\"><div class=\"et_pb_text_inner\"><p data-path-to-node=\"12\"><b data-path-to-node=\"12\" data-index-in-node=\"0\">Vous pouvez nous joindre par :<\/b><\/p>\n<ul data-path-to-node=\"13\">\n<li>\n<p data-path-to-node=\"13,0,0\"><b data-path-to-node=\"13,0,0\" data-index-in-node=\"0\">E-mail :<\/b> <a href=\"mailto:info@camping-le-cormier.fr\">info@camping-le-cormier.fr<\/a><\/p>\n<\/li>\n<li>\n<p data-path-to-node=\"13,1,0\"><b data-path-to-node=\"13,1,0\" data-index-in-node=\"0\">T\u00e9l\u00e9phone \/ SMS :<\/b> +33 (0)6 32 64 99 01 ou +41 (0)76 580 26 62<\/p>\n<\/li>\n<\/ul>\n<p data-path-to-node=\"14\"><b data-path-to-node=\"14\" data-index-in-node=\"0\">Merci beaucoup \u2013 nous sommes impatients de vous accueillir bient\u00f4t \u00e0 Obterre !<\/b><\/p>\n<\/div><\/div>\n\n<div class=\"et_pb_group_0 et_pb_group et-last-child et_pb_module et_flex_group et_pb_css_mix_blend_mode_passthrough\">\n<div class=\"et_pb_module et_pb_button_module_wrapper et_pb_button_0_wrapper preset--group--divi-button--divi-button--hi917qs--default_wrapper preset--group--divi-button--divi-button--h1c8vfa--default_wrapper preset--module--divi-button--default_wrapper\"><a class=\"et_pb_button_0 et_pb_button et_pb_bg_layout_light et_pb_module et_block_module preset--group--divi-button--divi-button--hi917qs--default preset--group--divi-button--divi-button--h1c8vfa--default preset--module--divi-button--default\" href=\"https:\/\/camping-le-cormier.fr\/preisliste-camping-le-cormier\/\">Tarifs<\/a><\/div>\n\n<div class=\"et_pb_icon_0 et_pb_icon et_clickable et_pb_module et_flex_module\"><span class=\"et_pb_icon_wrap\"><a href=\"https:\/\/camping-le-cormier.fr\/wp-content\/uploads\/2026\/04\/preisliste-2026.pdf\" target=\"_blank\"><span class=\"et-pb-icon\">\uf1c1<\/span><\/a><\/span>\n<div class=\"et_pb_text_6 et_pb_text et_pb_bg_layout_light et_pb_module et_flex_module\"><div class=\"et_pb_text_inner\"><p style=\"text-align: left;\">All<\/p>\n<\/div><\/div>\n<\/div>\n\n<div class=\"et_pb_icon_1 et_pb_icon et_clickable et_pb_module et_flex_module\"><span class=\"et_pb_icon_wrap\"><a href=\"https:\/\/camping-le-cormier.fr\/wp-content\/uploads\/2026\/04\/tarifs-2026.pdf\" target=\"_blank\"><span class=\"et-pb-icon\">\uf1c1<\/span><\/a><\/span>\n<div class=\"et_pb_text_7 et_pb_text et_pb_bg_layout_light et_pb_module et_flex_module\"><div class=\"et_pb_text_inner\"><p>Fr<\/p>\n<\/div><\/div>\n<\/div>\n\n<div class=\"et_pb_icon_2 et_pb_icon et_clickable et_pb_module et_flex_module\"><span class=\"et_pb_icon_wrap\"><a href=\"https:\/\/camping-le-cormier.fr\/wp-content\/uploads\/2026\/04\/pricelist-2026.pdf\" target=\"_blank\"><span class=\"et-pb-icon\">\uf1c1<\/span><\/a><\/span>\n<div class=\"et_pb_text_8 et_pb_text et_pb_bg_layout_light et_pb_module et_flex_module\"><div class=\"et_pb_text_inner\"><p>En<\/p>\n<\/div><\/div>\n<\/div>\n<\/div>\n<\/div>\n<\/div>\n\n<div class=\"et_pb_row_2 et_pb_row et_flex_row\">\n<div class=\"et_pb_column_2 et_pb_column et-last-child et_flex_column et_pb_css_mix_blend_mode_passthrough et_flex_column_24_24 et_flex_column_24_24_tablet et_flex_column_24_24_phone\">\n<div class=\"et_pb_heading_1 et_pb_heading et_pb_module et_flex_module\"><div class=\"et_pb_heading_container\"><h2 class=\"et_pb_module_header\">Outil de r\u00e9servation<\/h2><\/div><\/div>\n\n<div class=\"et_pb_code_0 et_pb_code et_pb_text_align_center et_pb_module\"><div class=\"et_pb_code_inner\"><div class=\"ftb-widget\" data-id=\"41287\" data-token=\"eqpYtvfHWEfwdv5DhwtLyAOuJYR8fOq7WdO2NloGic1wgCLPyViRGw2NZegtR\">\n\n                <form id=\"ftb-bookingWidgetForm\" class=\"ftb-bookingWidget__inner ftb-bookingWidget__inner--lg\" method=\"post\" style=\"\" target=\"_blank\">\n\n                <div class=\"ftb-bookingWidget__dateSearchContainer input-daterange\">\n\n                    <div class=\"ftb-bookingWidget__dateSearch ftb-bookingWidget__dateSearch--checkIn\">\n\n                        <span class=\"ftb-bookingWidget__dateSearch__title\">Arriv\u00e9e :<\/span>\n\n                        <input type=\"text\" name=\"checkInDatePicker\" class=\"ftb-bookingWidget__dateSearchButton ftb-bookingWidget__dateSearchButton--datePickered\" value=\"07 oct. 2024\" style=\"border-radius: 0px; border: 1px solid transparent;\">\n\n                    <\/div><div class=\"ftb-bookingWidget__dateSearch ftb-bookingWidget__dateSearch--checkOut\">\n\n                        <span class=\"ftb-bookingWidget__dateSearch__title\">D\u00e9part :<\/span>\n\n                        <input type=\"text\" name=\"checkOutDatePicker\" class=\"ftb-bookingWidget__dateSearchButton ftb-bookingWidget__dateSearchButton--datePickered\" value=\"08 oct. 2024\" style=\"border-radius: 0px; border: 1px solid transparent;\">\n\n                    <\/div>\n\n                <\/div>\n\n                <div class=\"ftb-bookingWidget__checkAvailabilityContainer\">\n\n                    <button type=\"submit\" class=\"ftb-bookingWidget__checkAvailability\">V\u00e9rifier la disponibilit\u00e9<\/button>\n\n                <\/div>\n\n            <\/form>\n\n            <div id=\"ftb-widget-datepicker\" style=\"position: relative\"><\/div><\/div>\n\n            <script src=\"https:\/\/widget.freetobook.com\/widget.js\"><\/script>\n\n<\/div><\/div>\n<\/div>\n<\/div>\n<\/div>\n\n<div class=\"et_pb_section_2 et_pb_section et_section_regular et_flex_section section_has_divider et_pb_top_divider preset--module--divi-section--hpgczseiif\"><div class=\"et_pb_top_inside_divider et-no-transition\"><\/div>\n<div class=\"et_pb_row_3 et_pb_row et_flex_row\">\n<div class=\"et_pb_column_3 et_pb_column et-last-child et_flex_column et_pb_css_mix_blend_mode_passthrough et_flex_column_24_24 et_flex_column_24_24_tablet et_flex_column_24_24_phone\">\n<div class=\"et_pb_heading_2 et_pb_heading et_pb_module et_flex_module\"><div class=\"et_pb_heading_container\"><h2 class=\"et_pb_module_header\">Avis<\/h2><\/div><\/div>\n\n<div class=\"et_pb_code_1 et_pb_code et_pb_module\"><div class=\"et_pb_code_inner\"><div class=\"ftb-widget\" style=\"width: 100%; margin-top: 50px;\" data-id=\"41198\" data-style=\"review\" data-token=\"gmxJcgYoXATAMYP2kEa8ywdiALOK1Xy7kYA2uxTD9cQgbnlTj5Ws5pWMuP3zu\">\n\n                <div class=\"ftb-reviewWidget\" style=\"padding-bottom: 30px;\">\n\n                    <div class=\"ftb-reviewWidget__header\" style=\"text-align: unset; padding: 30px;\">\n\n                        <div class=\"ftb-reviewWidget__header__first\">\n\n                            <p class=\"ftb-reviewWidget__header__first__score\">\n\n                                 <span class=\"ftb-reviewWidget__header__first__score__total\">\n\n 4.9\n\n                                <\/span> sur 5\n\n                            <\/p>\n\n                            <span class=\"ftb-reviewWidget-review-hearts-lg\">\n\n                                <span class=\"ftb-reviewWidget-review-hearts-score-lg ftb-reviewWidget-heart-colour\" style=\"width:98.00000000000001%; background-color: #3398a9\">\n\n                                <\/span>\n\n                            <\/span>\n\n                            <a href=\"https:\/\/www.freetobook.com\/reviews\/all?w_id=41198&amp;w_tkn=gmxJcgYoXATAMYP2kEa8ywdiALOK1Xy7kYA2uxTD9cQgbnlTj5Ws5pWMuP3zu\" target=\"_blank\" class=\"ftb-reviewWidget__header__first__title\" style=\"font-size: 20px;\" rel=\"noopener\">\n\n 254 avis clients\n\n                            <\/a>\n\n                        <\/div>\n\n                    <\/div>\n\n                    <hr class=\"ftb-reviewWidget__hr\">         \n\n                    <div class=\"ftb-reviewWidget__body\">\n\n                        <div class=\"ftb-reviewWidget__body__first\">\n\n                            <div class=\"ftb-reviewWidget__body__first__guestInfo\">\n\n                                <strong>Client de <\/strong>\n\n                                <br>\n                                <span class=\"ftb-reviewWidget__body__first__guestInfo__submitted\">28 sept. 2024<\/span>\n\n                            <\/div>\n\n                            <div class=\"ftb-reviewWidget__body__first__guestReview\">\n\n                                <span class=\"ftb-reviewWidget-review-hearts-sm\">\n\n                                    <span class=\"ftb-reviewWidget-review-hearts-score-sm ftb-reviewWidget-heart-colour\" style=\"width:100%; background-color: #3398a9\"><\/span>\n\n                                <\/span>\n\n                                <br>\n                                \n\n                            <\/div>\n\n                        <\/div>\n\n                        <div class=\"ftb-reviewWidget__body__second\">\n\n                            <div class=\"ftb-reviewWidget__body__second__guest-review ftb-reviewWidget__body__second__guest-review-lg\">\n\n                                <span class=\"ftb-reviewWidget__body__second__guest-review__quotes\"><\/span>\n\n                                <span class=\"ftb-reviewWidget__body__second__guest-review__text\">\n\n \u00ab Mike et Cath sont tr\u00e8s gentils et serviables. Ils se soucient de vous en tant que client.... \u00bb \n\n                                <\/span> \n\n                            <\/div>\n\n                        <\/div>\n\n                        <div class=\"ftb-reviewWidget__body__third\">\n\n                            <a href=\"https:\/\/www.freetobook.com\/reviews\/all?w_id=41198&amp;w_tkn=gmxJcgYoXATAMYP2kEa8ywdiALOK1Xy7kYA2uxTD9cQgbnlTj5Ws5pWMuP3zu\" target=\"_blank\" class=\"ftb-reviewWidget__body__third__button\" style=\"border-color: #3398a9\" rel=\"noopener\">Ouvrir plus d'avis dans une nouvelle fen\u00eatre<\/a>\n\n                        <\/div>\n\n                    <\/div>\n\n                    \n\n                <\/div><\/div>\n\n                \n\n                <script src=\"https:\/\/widget.freetobook.com\/widget.js?v=20190925\"><\/script><\/div><\/div>\n<\/div>\n<\/div>\n<\/div>","protected":false},"excerpt":{"rendered":"","protected":false},"author":1,"featured_media":0,"parent":0,"menu_order":0,"comment_status":"closed","ping_status":"closed","template":"","meta":{"_et_pb_use_builder":"on","_et_pb_old_content":"","_et_gb_content_width":"","footnotes":""},"class_list":["post-854","page","type-page","status-publish","hentry"],"_links":{"self":[{"href":"https:\/\/camping-le-cormier.fr\/fr\/wp-json\/wp\/v2\/pages\/854","targetHints":{"allow":["GET"]}}],"collection":[{"href":"https:\/\/camping-le-cormier.fr\/fr\/wp-json\/wp\/v2\/pages"}],"about":[{"href":"https:\/\/camping-le-cormier.fr\/fr\/wp-json\/wp\/v2\/types\/page"}],"author":[{"embeddable":true,"href":"https:\/\/camping-le-cormier.fr\/fr\/wp-json\/wp\/v2\/users\/1"}],"replies":[{"embeddable":true,"href":"https:\/\/camping-le-cormier.fr\/fr\/wp-json\/wp\/v2\/comments?post=854"}],"version-history":[{"count":10,"href":"https:\/\/camping-le-cormier.fr\/fr\/wp-json\/wp\/v2\/pages\/854\/revisions"}],"predecessor-version":[{"id":1170,"href":"https:\/\/camping-le-cormier.fr\/fr\/wp-json\/wp\/v2\/pages\/854\/revisions\/1170"}],"wp:attachment":[{"href":"https:\/\/camping-le-cormier.fr\/fr\/wp-json\/wp\/v2\/media?parent=854"}],"curies":[{"name":"wp","href":"https:\/\/api.w.org\/{rel}","templated":true}]}}