{"id":883,"date":"2026-02-28T16:09:11","date_gmt":"2026-02-28T15:09:11","guid":{"rendered":"https:\/\/camping-le-cormier.fr\/contact-camping-le-cormier\/"},"modified":"2026-04-21T13:16:24","modified_gmt":"2026-04-21T11:16:24","slug":"contact-camping-le-cormier","status":"publish","type":"page","link":"https:\/\/camping-le-cormier.fr\/fr\/contact-camping-le-cormier\/","title":{"rendered":"Contact Camping le Cormier"},"content":{"rendered":"<div class=\"et_pb_section_0 et_pb_section et_section_regular et_flex_section preset--module--divi-section--9l2ybj32nq\">\n<div class=\"et_pb_row_0 et_pb_row et_pb_gutters1 et_block_row preset--module--divi-row--w00b5cjig3\">\n<div class=\"et_pb_column_0 et_pb_column et_pb_column_4_4 et-last-child et_block_column et_pb_css_mix_blend_mode_passthrough\">\n<div class=\"et_pb_heading_0 et_pb_heading et_pb_module et_flex_module preset--module--divi-heading--a1f1fbtv9h\"><div class=\"et_pb_heading_container\"><h1 class=\"et_pb_module_header\">Contact Camping le Cormier<\/h1><\/div><\/div>\n<\/div>\n<\/div>\n<\/div>\n\n<div class=\"et_pb_section_1 et_pb_section et_section_regular et_flex_section section_has_divider et_pb_top_divider preset--module--divi-section--5l9dnjx1og\"><div class=\"et_pb_top_inside_divider et-no-transition\"><\/div>\n<div class=\"et_pb_row_1 et_pb_row et_flex_row\">\n<div class=\"et_pb_column_1 et_pb_column et-last-child et_flex_column et_pb_css_mix_blend_mode_passthrough et_flex_column_24_24 et_flex_column_24_24_tablet et_flex_column_24_24_phone\">\n<div class=\"et_pb_text_0 et_pb_text et_pb_bg_layout_light et_pb_module et_flex_module\"><div class=\"et_pb_text_inner\"><p>Pour une r\u00e9servation, une question ou simplement pour nous dire bonjour, \u00e9crivez-nous. Nous vous r\u00e9pondrons dans les plus brefs d\u00e9lais. <\/p>\n<\/div><\/div>\n<\/div>\n<\/div>\n\n<div class=\"et_pb_row_2 et_pb_row et_flex_row\">\n<div class=\"et_pb_column_2 et_pb_column et-last-child et_flex_column et_pb_css_mix_blend_mode_passthrough et_flex_column_24_24 et_flex_column_24_24_tablet et_flex_column_24_24_phone\">\n<div class=\"et_pb_contact_form_0 et_pb_contact_form_container clearfix et_pb_module et_flex_module preset--group--divi-contact-form--divi-button--hi917qs--default\" data-form_unique_num=\"0\" data-form_unique_id=\"d9849bda-b3aa-4b6c-87cc-741c384d71c0\" id=\"et_pb_contact_form_d9849bda-b3aa-4b6c-87cc-741c384d71c0\"><h2 class=\"et_pb_contact_main_title\">Formulaire de contact<\/h2><div class=\"et-pb-contact-message\"><\/div><div class=\"et_pb_contact\"><form class=\"et_pb_contact_form et_flex_module\" method=\"post\" action=\"https:\/\/camping-le-cormier.fr\/fr\/wp-json\/wp\/v2\/pages\/883\">\n<div class=\"et_pb_contact_field_0 et_pb_contact_field et_pb_module et_flex_module et_flex_column_12_24 et_flex_column_12_24_tablet et_flex_column_12_24_phone\" data-id=\"name\" data-type=\"input\"><label class=\"et_pb_contact_form_label\" for=\"et_pb_contact_0_name_0\">Nom<\/label><input type=\"text\" name=\"et_pb_contact_0_name_0\" id=\"et_pb_contact_0_name_0\" class=\"input\" data-required_mark=\"required\" data-field_type=\"input\" data-original_id=\"name\" placeholder=\"Nom\" title=\"\" value=\"\" \/><\/div>\n\n<div class=\"et_pb_contact_field_1 et_pb_contact_field et_pb_module et_flex_module et_flex_column_12_24 et_flex_column_12_24_tablet et_flex_column_12_24_phone\" data-id=\"email\" data-type=\"email\"><label class=\"et_pb_contact_form_label\" for=\"et_pb_contact_0_email_1\">Adresse e-mail<\/label><input type=\"text\" name=\"et_pb_contact_0_email_1\" id=\"et_pb_contact_0_email_1\" class=\"input\" data-required_mark=\"required\" data-field_type=\"email\" data-original_id=\"email\" placeholder=\"Adresse e-mail\" title=\"\" value=\"\" \/><\/div>\n\n<div class=\"et_pb_contact_field_2 et_pb_contact_field et_pb_module et_flex_module et_flex_column_24_24 et_flex_column_24_24_tablet et_flex_column_24_24_phone\" data-id=\"message\" data-type=\"text\"><label class=\"et_pb_contact_form_label\" for=\"et_pb_contact_0_message_2\">Message<\/label><textarea name=\"et_pb_contact_0_message_2\" id=\"et_pb_contact_0_message_2\" class=\"et_pb_contact_message input\" data-required_mark=\"required\" data-field_type=\"text\" data-original_id=\"message\" placeholder=\"Message\"><\/textarea><\/div>\n<input type=\"hidden\" name=\"et_pb_contactform_submit_d9849bda-b3aa-4b6c-87cc-741c384d71c0\" value=\"et_contact_proccess\" \/><div class=\"et_contact_bottom_container\"><div class=\"et_pb_contact_right et_pb_contact_field\"><p class=\"clearfix\"><label><span class=\"et_pb_contact_captcha_question\">13 + 5<\/span> = <input type=\"text\" size=\"2\" class=\"input et_pb_contact_captcha\" data-first_digit=\"13\" data-second_digit=\"5\" data-required_mark=\"required\" name=\"et_pb_contact_captcha_d9849bda-b3aa-4b6c-87cc-741c384d71c0\" autocomplete=\"off\" \/><\/label><\/p><\/div><div class=\"et_pb_button_wrapper\"><button type=\"submit\" name=\"et_builder_submit_button\" class=\"et_pb_button et_pb_contact_submit\">Envoyer<\/button><\/div><\/div><input type=\"hidden\" id=\"_wpnonce-et-pb-contact-form-submitted-d9849bda-b3aa-4b6c-87cc-741c384d71c0\" name=\"_wpnonce-et-pb-contact-form-submitted-d9849bda-b3aa-4b6c-87cc-741c384d71c0\" value=\"ebcee1e2e1\" \/><input type=\"hidden\" name=\"_wp_http_referer\" value=\"\/fr\/wp-json\/wp\/v2\/pages\/883\" \/><\/form><\/div><\/div>\n<\/div>\n<\/div>\n<\/div>\n\n<div class=\"et_pb_section_2 et_pb_section et_section_regular et_flex_section section_has_divider et_pb_top_divider preset--module--divi-section--hpgczseiif\"><div class=\"et_pb_top_inside_divider et-no-transition\"><\/div>\n<div class=\"et_pb_row_3 et_pb_row et_flex_row\" id=\"kontakt-offen\">\n<div class=\"et_pb_column_3 et_pb_column et_flex_column et_pb_css_mix_blend_mode_passthrough et_flex_column_8_24 et_flex_column_8_24_tablet et_flex_column_24_24_phone\">\n<div class=\"et_pb_text_1 et_pb_text et_pb_bg_layout_light et_pb_module et_flex_module\"><div class=\"et_pb_text_inner\"><h3>Camping le Cormier<\/h3>\n<\/div><\/div>\n\n<div class=\"et_pb_text_2 et_pb_text et_pb_bg_layout_light et_pb_module et_flex_module\"><div class=\"et_pb_text_inner\"><p>Sibylle Luisi &amp; Thomas Neyerlin<br \/>1 le Cormier<br \/>36290 Obterre<br \/>France<\/p>\n<\/div><\/div>\n<\/div>\n\n<div class=\"et_pb_column_4 et_pb_column et_flex_column et_pb_css_mix_blend_mode_passthrough et_flex_column_8_24 et_flex_column_8_24_tablet et_flex_column_24_24_phone\">\n<div class=\"et_pb_text_3 et_pb_text et_pb_bg_layout_light et_pb_module et_flex_module\"><div class=\"et_pb_text_inner\" data-et-mv-hidden-tablet=\"true\"><h3>T\u00e9l\u00e9phone<\/h3>\n<\/div><\/div>\n\n<ul class=\"et_pb_icon_list_0 et_pb_icon_list et_pb_module et_flex_module\">\n<li class=\"et_pb_icon_list_item_0 et_pb_icon_list_item et_pb_module et_flex_module\"><span class=\"et-pb-icon\">\uf3cd<\/span><div class=\"et_pb_icon_list_text\">+33 (0) 6 32 64 99 01<\/div><\/li>\n<\/ul>\n\n<ul class=\"et_pb_icon_list_1 et_pb_icon_list et_pb_module et_flex_module\">\n<li class=\"et_pb_icon_list_item_1 et_pb_icon_list_item et_pb_module et_flex_module\"><span class=\"et-pb-icon\">\uf3cd<\/span><div class=\"et_pb_icon_list_text\">+41 (0) 76 580 26 62<\/div><\/li>\n<\/ul>\n\n<ul class=\"et_pb_icon_list_2 et_pb_icon_list et_pb_module et_flex_module\">\n<li class=\"et_pb_icon_list_item_2 et_pb_icon_list_item et_pb_module et_flex_module\"><span class=\"et-pb-icon\">\uf2a0<\/span><div class=\"et_pb_icon_list_text\">+33 (0) 2 54 39 27 95<\/div><\/li>\n<\/ul>\n<\/div>\n\n<div class=\"et_pb_column_5 et_pb_column et-last-child et_flex_column et_pb_css_mix_blend_mode_passthrough et_flex_column_8_24 et_flex_column_8_24_tablet et_flex_column_24_24_phone\">\n<div class=\"et_pb_text_4 et_pb_text et_pb_bg_layout_light et_pb_module et_flex_module\"><div class=\"et_pb_text_inner\" data-et-mv-hidden-tablet=\"true\"><h3>E-mail<\/h3>\n<\/div>\n<ul class=\"et_pb_icon_list_3 et_pb_icon_list et_pb_module et_flex_module\">\n<li class=\"et_pb_icon_list_item_3 et_pb_icon_list_item et_pb_module et_flex_module\"><span class=\"et-pb-icon\">\ue076<\/span><div class=\"et_pb_icon_list_text\">info@camping-le-cormier.fr<\/div><\/li>\n<\/ul>\n<\/div>\n<\/div>\n<\/div>\n\n<div class=\"et_pb_row_4 et_pb_row et_flex_row\" id=\"o-zeit\">\n<div class=\"et_pb_column_6 et_pb_column et-last-child et_flex_column et_pb_css_mix_blend_mode_passthrough et_flex_column_24_24 et_flex_column_24_24_tablet et_flex_column_24_24_phone\">\n<div class=\"et_pb_group_carousel_0 et_pb_group_carousel et_pb_group et_pb_module et_pb_group_carousel_center_mode et_pb_group_carousel_arrows_outside et_pb_group_carousel_dots_center et_pb_group_carousel_dots_below et_pb_group_carousel_slides_2 preset--module--divi-group-carousel--default\"><div class=\"et_pb_group_carousel_container\"><div class=\"et_pb_group_carousel_track\"><div class=\"et_pb_group_carousel_slide\"><div class=\"et_pb_group_0 et_pb_group et_pb_module et_flex_group et_pb_css_mix_blend_mode_passthrough\">\n<div class=\"et_pb_blurb_0 et_pb_blurb et_pb_bg_layout_light et_pb_blurb_position_top et_pb_module et_flex_module\"><div class=\"et_pb_blurb_content et_flex_module\"><div class=\"et_pb_main_blurb_image\"><span class=\"et_pb_image_wrap\"><span class=\"et-pb-icon\">\uf562<\/span><\/span><\/div><div class=\"et_pb_blurb_container\"><h3 class=\"et_pb_module_header\">Ouverture toute l'ann\u00e9e<\/h3><div class=\"et_pb_blurb_description\"><p>8h \u00e0 22h<\/p>\n<\/div><\/div><\/div><\/div>\n<\/div><\/div><div class=\"et_pb_group_carousel_slide\"><div class=\"et_pb_group_1 et_pb_group et_pb_module et_flex_group et_pb_css_mix_blend_mode_passthrough\">\n<div class=\"et_pb_blurb_1 et_pb_blurb et_pb_bg_layout_light et_pb_text_align_center et_pb_blurb_position_top et_pb_module et_flex_module preset--module--divi-blurb--7otuuuu3pw\"><div class=\"et_pb_blurb_content et_flex_module\"><div class=\"et_pb_main_blurb_image\"><span class=\"et_pb_image_wrap\"><span class=\"et-pb-icon\">\uf186<\/span><\/span><\/div><div class=\"et_pb_blurb_container\"><h3 class=\"et_pb_module_header\">Silence nocturne<\/h3><div class=\"et_pb_blurb_description\"><p>22h \u00e0 8h<\/p>\n<\/div><\/div><\/div><\/div>\n<\/div><\/div><div class=\"et_pb_group_carousel_slide\"><div class=\"et_pb_group_2 et_pb_group et-last-child et_pb_module et_flex_group et_pb_css_mix_blend_mode_passthrough\">\n<div class=\"et_pb_blurb_2 et_pb_blurb et_pb_bg_layout_light et_pb_text_align_center et_pb_blurb_position_top et_pb_module et_flex_module preset--module--divi-blurb--7otuuuu3pw\"><div class=\"et_pb_blurb_content et_flex_module\"><div class=\"et_pb_main_blurb_image\"><span class=\"et_pb_image_wrap\"><span class=\"et-pb-icon\">\ue033<\/span><\/span><\/div><div class=\"et_pb_blurb_container\"><h3 class=\"et_pb_module_header\">Arriv\u00e9e tardive<\/h3><div class=\"et_pb_blurb_description\" data-et-mv-hidden-phone=\"true\"><p>Veuillez nous pr\u00e9venir \u00e0 l'avance si vous arrivez en dehors des heures d'ouverture<\/p>\n<\/div><\/div><\/div><\/div>\n<\/div><\/div><\/div><\/div><span class=\"et_pb_group_carousel_arrow et_pb_group_carousel_arrow_prev\" role=\"button\" tabindex=\"0\" aria-label=\"Previous slide\"><span class=\"et-pb-icon\">8<\/span><\/span><span class=\"et_pb_group_carousel_arrow et_pb_group_carousel_arrow_next\" role=\"button\" tabindex=\"0\" aria-label=\"Next slide\"><span class=\"et-pb-icon\">9<\/span><\/span><div class=\"et_pb_group_carousel_dots\"><\/div><\/div>\n\n<div class=\"et_pb_text_5 et_pb_text et_pb_bg_layout_light et_pb_module et_flex_module\"><div class=\"et_pb_text_inner\"><p>Nous sommes ouverts toute l'ann\u00e9e, mais pendant les mois d'hiver plus calmes, il peut y avoir de courtes p\u00e9riodes de fermeture. Si vous souhaitez arriver spontan\u00e9ment, il est pr\u00e9f\u00e9rable de nous appeler ou de nous envoyer un e-mail. <\/p>\n<\/div><\/div>\n\n<div class=\"et_pb_module et_pb_button_module_wrapper et_pb_button_0_wrapper preset--group--divi-button--divi-button--hi917qs--default_wrapper preset--module--divi-button--default_wrapper\"><a class=\"et_pb_button_0 et_pb_button et_pb_bg_layout_light et_pb_module et_block_module preset--group--divi-button--divi-button--hi917qs--default preset--module--divi-button--default\" href=\"https:\/\/camping-le-cormier.fr\/ueber-uns-schweizer-camping-loiretal\/\">\u00c0 propos de nous<\/a><\/div>\n<\/div>\n<\/div>\n<\/div>\n\n<div class=\"et_pb_section_3 et_pb_section et_section_regular et_flex_section section_has_divider et_pb_top_divider preset--module--divi-section--5l9dnjx1og\"><div class=\"et_pb_top_inside_divider et-no-transition\"><\/div>\n<div class=\"et_pb_row_5 et_pb_row et_flex_row\">\n<div class=\"et_pb_column_7 et_pb_column et_flex_column et_pb_css_mix_blend_mode_passthrough et_flex_column_3_5 et_flex_column_3_5_tablet et_flex_column_24_24_phone\">\n<div class=\"et_pb_code_0 et_pb_code et_pb_module\"><div class=\"et_pb_code_inner\"><iframe loading=\"lazy\" width=\"600\" height=\"600\" src=\"https:\/\/www.openstreetmap.org\/export\/embed.html?bbox=1.030172109603882%2C46.91701625807997%2C1.0437119007110598%2C46.9227174541749&amp;layer=mapnik&amp;marker=46.919867285399505%2C1.0369420051574707\" style=\"border: 1px solid black\"><\/iframe><br><small><a href=\"https:\/\/www.openstreetmap.org\/?mlat=46.919867&amp;mlon=1.036942#map=17\/46.919867\/1.036942\" target=\"_blank\" rel=\"noopener\">Afficher une carte plus grande<\/a><\/small><\/div><\/div>\n<\/div>\n\n<div class=\"et_pb_column_8 et_pb_column et-last-child et_flex_column et_pb_css_mix_blend_mode_passthrough et_flex_column_2_5 et_flex_column_2_5_tablet et_flex_column_24_24_phone\">\n<div class=\"et_pb_text_6 et_pb_text et_pb_bg_layout_light et_pb_module et_flex_module\"><div class=\"et_pb_text_inner\"><h2>Navigation<\/h2>\n<\/div><\/div>\n\n<div class=\"et_pb_text_7 et_pb_text et_pb_bg_layout_light et_pb_module et_flex_module\"><div class=\"et_pb_text_inner\"><p>Valeur d\u00e9cimale \u2013 Longitude : 1,036798 &amp; Latitude : 46,919728<\/p>\n<p>OU<\/p>\n<p>En degr\u00e9s \u2013 Longitude : 1:02:12,5 &amp; Latitude : 46:55:11,0<\/p>\n<\/div><\/div>\n\n<div class=\"et_pb_image_0 et_pb_image et_pb_image_sticky et_pb_module et_flex_module\"><a href=\"https:\/\/camping-le-cormier.fr\/fr\/\"><span class=\"et_pb_image_wrap\"><img loading=\"lazy\" decoding=\"async\" src=\"https:\/\/camping-le-cormier.fr\/wp-content\/uploads\/2026\/02\/01-Le-Cormier-farbig-400px.webp\" alt=\"Logo 400 px de large\" title=\"01-Le-Cormier-couleur-400px\" width=\"400\" height=\"257\" srcset=\"https:\/\/camping-le-cormier.fr\/wp-content\/uploads\/2026\/02\/01-Le-Cormier-farbig-400px.webp 400w, https:\/\/camping-le-cormier.fr\/wp-content\/uploads\/2026\/02\/01-Le-Cormier-farbig-400px-300x193.webp 300w\" sizes=\"(max-width: 400px) 100vw, 400px\" class=\"wp-image-11\" \/><\/span><\/a><\/div>\n<\/div>\n<\/div>\n\n<div class=\"et_pb_row_6 et_pb_row et_flex_row\">\n<div class=\"et_pb_column_9 et_pb_column et-last-child et_flex_column et_pb_css_mix_blend_mode_passthrough et_flex_column_24_24 et_flex_column_24_24_tablet et_flex_column_24_24_phone\">\n<div class=\"et_pb_heading_1 et_pb_heading et_pb_module et_flex_module\"><div class=\"et_pb_heading_container\"><h2 class=\"et_pb_module_header\">Acc\u00e8s en mots<\/h2><\/div><\/div>\n\n<div class=\"et_pb_text_8 et_pb_text et_pb_bg_layout_light et_pb_module et_flex_module\"><div class=\"et_pb_text_inner\"><p>Bonne connexion aux autoroutes \u2013 A10 \u00e0 l'ouest (direction Bordeaux) et A20 \u00e0 l'est (direction Toulouse)<\/p>\n<h3>Depuis le Nord<\/h3>\n<p>Depuis tous les ports importants de la c\u00f4te nord fran\u00e7aise, prenez la direction de Tours. Si vous utilisez l'autoroute, prenez la sortie 23 ou 24 de l'A10 au sud de Tours et suivez la N143\/D943 en direction de Loches. \u00c0 l'entr\u00e9e de Loches, suivez les panneaux indiquant Ch\u00e2teauroux (\u00e9galement N143\/D943) et Ch\u00e2tillon. Traversez le village de Perrusson et, apr\u00e8s environ 500 m\u00e8tres, tournez \u00e0 droite sur la D41 en direction de Verneuil-sur-Indre et Saint-Flovier. Traversez Verneuil jusqu'\u00e0 Saint-Flovier \u2013 soyez prudent ici, car les panneaux pour Obterre (\u00e0 6 km) sont faciles \u00e0 manquer. Quittez le village (sur la D21) et, apr\u00e8s 400 m\u00e8tres, tournez \u00e0 droite sur la D14 en direction d'Obterre. Nous sommes situ\u00e9s \u00e0 la p\u00e9riph\u00e9rie du village, avant l'entr\u00e9e, sur le c\u00f4t\u00e9 gauche.      <\/p>\n<h3>Depuis le Sud<\/h3>\n<p>Direction Limoges &amp; Clermont-Ferrand \u2013 Direction Ch\u00e2teauroux<br \/>Suivez la D925 en direction de Vendoeuvres, M\u00e9zi\u00e8res-en-Brenne et continuez vers Azay-le-Ferron. (\u00c0 ce stade, veuillez ignorer tous les panneaux indiquant Obterre, car vous seriez alors d\u00e9vi\u00e9 \u00e0 travers champs.) Au rond-point, continuez tout droit \u00e0 travers Azay-le-Ferron, laissez le ch\u00e2teau sur votre gauche et prenez la direction de Preuilly-sur-Claise. Juste avant la sortie du village, tournez \u00e0 droite, indiqu\u00e9 Obterre 8 km (D14). Arriv\u00e9 \u00e0 Obterre, suivez la D14 en montant en direction de Saint-Flovier. Nous sommes situ\u00e9s \u00e0 environ 300 m\u00e8tres \u00e0 l'ext\u00e9rieur du village, sur le c\u00f4t\u00e9 droit.     <\/p>\n<h3>Depuis l'Ouest<\/h3>\n<p>Acc\u00e8s Poitiers \u2013 Direction Ch\u00e2tellerault, puis sur la D725 direction La Roche-Posay et continuez vers Preuilly-sur-Claise. Suivez la D725 jusqu'\u00e0 Azay-le-Ferron. Ignorez les panneaux pour Obterre jusqu'\u00e0 ce que vous atteigniez Azay-le-Ferron. Tournez \u00e0 gauche, indiqu\u00e9 Obterre 8 km (D14). Arriv\u00e9 \u00e0 Obterre, suivez la D14 en montant hors du village en direction de Saint-Flovier. Nous sommes situ\u00e9s \u00e0 environ 300 m\u00e8tres \u00e0 l'ext\u00e9rieur du village, sur le c\u00f4t\u00e9 droit.     <\/p>\n<h3><\/h3>\n<h3>Depuis l'Est<\/h3>\n<div>Depuis B\u00e2le via A3\/A35 direction Mulhouse, env. 35 km. \u00c0 Mulhouse, prendre l'A36 direction Belfort\/Besan\u00e7on. <\/div>\n<div>Depuis le Jura suisse \u00e0 Bure\/Delle via la douane. Direction Montb\u00e9liard et l\u00e0 sur l'A36 via Besan\u00e7on, Dole jusqu'\u00e0 Beaune\/Bourgogne. \u00c0 Beaune, prendre l'A6 (Route du Soleil) direction Lyon. Sortie 26 Chalon-sur-Sa\u00f4ne Sud direction Nevers, Bourges (N80\/N70\/N79). \u00c0 Vierzon, prendre l'A20 direction Ch\u00e2teauroux. \u00c0 Ch\u00e2teauroux via M\u00e9zi\u00e8res-en-Brenne vers Obterre (D925\/D43)    <\/div>\n<div><\/div>\n<div>-Depuis B\u00e2le (662km\/6h45) via Mulhouse\/Montb\u00e9liard (A36)<\/div>\n<div>-Depuis Del\u00e9mont (630km\/6h30)<\/div>\n<div>\u2192 Bure \u2192 Delle \u2192 A36 \u2192 Beaune \u2192 A6 \u2192 Chalon Sud (26) \u2192 N79 (RCEA) \u2192 Vierzon \u2192 A20 \u2192 Ch\u00e2teauroux \u2192 M\u00e9zi\u00e8res-en-Brenne \u2192 Obterre<\/div>\n<\/div><\/div>\n<\/div>\n<\/div>\n<\/div>\n\n<div class=\"et_pb_section_4 et_pb_section et_section_regular et_flex_section section_has_divider et_pb_top_divider preset--module--divi-section--hpgczseiif\" id=\"faq\"><div class=\"et_pb_top_inside_divider et-no-transition\"><\/div>\n<div class=\"et_pb_row_7 et_pb_row et_flex_row\">\n<div class=\"et_pb_column_10 et_pb_column et-last-child et_flex_column et_pb_css_mix_blend_mode_passthrough et_flex_column_24_24 et_flex_column_24_24_tablet et_flex_column_24_24_phone\">\n<div class=\"et_pb_heading_2 et_pb_heading et_pb_module et_flex_module\"><div class=\"et_pb_heading_container\"><h2 class=\"et_pb_module_header\">FAQ : Questions fr\u00e9quemment pos\u00e9es<\/h2><\/div><\/div>\n<\/div>\n<\/div>\n\n<div class=\"et_pb_row_8 et_pb_row et_flex_row\">\n<div class=\"et_pb_column_11 et_pb_column et_flex_column et_pb_css_mix_blend_mode_passthrough et_flex_column_12_24 et_flex_column_12_24_tablet et_flex_column_24_24_phone\">\n<div class=\"et_pb_image_1 et_pb_image et_flex_column_18_24 et_animated et-interaction-target-6gyxv6fkri et_pb_module et_flex_module\" data-interaction-target=\"6gyxv6fkri\"><span class=\"et_pb_image_wrap\"><img loading=\"lazy\" decoding=\"async\" src=\"https:\/\/camping-le-cormier.fr\/wp-content\/uploads\/2026\/03\/faq-camping-le-cormier.webp\" title=\"faq-camping-le-cormier\" width=\"400\" height=\"600\" srcset=\"https:\/\/camping-le-cormier.fr\/wp-content\/uploads\/2026\/03\/faq-camping-le-cormier.webp 400w, https:\/\/camping-le-cormier.fr\/wp-content\/uploads\/2026\/03\/faq-camping-le-cormier-200x300.webp 200w\" sizes=\"(max-width: 400px) 100vw, 400px\" class=\"wp-image-100\" alt=\"\"><\/span><\/div>\n<\/div>\n\n<div class=\"et_pb_column_12 et_pb_column et-last-child et_flex_column et_pb_css_mix_blend_mode_passthrough et_flex_column_12_24 et_flex_column_12_24_tablet et_flex_column_24_24_phone\">\n<div class=\"et_pb_accordion_0 et_pb_accordion et_pb_module et_flex_module\">\n<div class=\"et_pb_accordion_item_0 et_pb_accordion_item et_pb_toggle et_pb_module et_pb_toggle_open et_flex_module\"><h3 class=\"et_pb_toggle_title\">Quand le Camping le Cormier est-il ouvert ?<\/h3><div class=\"et_pb_toggle_content et_flex_module\"><p>Le camping est en principe ouvert toute l'ann\u00e9e. Pour ne pas vous retrouver devant une barri\u00e8re ferm\u00e9e en hiver : sans r\u00e9servation pr\u00e9alable, nous vous recommandons un bref appel ou un e-mail pendant la saison froide \u2014 nous serons ravis de vous accueillir ! <\/p>\n<\/div><\/div>\n\n<div class=\"et_pb_accordion_item_1 et_pb_accordion_item et_pb_toggle et_pb_module et_pb_toggle_close et_flex_module\"><h3 class=\"et_pb_toggle_title\">Le Camping le Cormier est-il adapt\u00e9 aux enfants ?<\/h3><div class=\"et_pb_toggle_content et_flex_module\"><p>Oui, il y a une petite aire de jeux, un trampoline, un bac \u00e0 sable, une table de ping-pong et un jeu de fl\u00e9chettes, ainsi que des jeux et des ballons.<\/p>\n<\/div><\/div>\n\n<div class=\"et_pb_accordion_item_2 et_pb_accordion_item et_pb_toggle et_pb_module et_pb_toggle_close et_flex_module\"><h3 class=\"et_pb_toggle_title\">Y a-t-il une piscine au Camping le Cormier ?<\/h3><div class=\"et_pb_toggle_content et_flex_module\"><p>Oui, la piscine sera nouvellement construite en 2026 et mesurera 4 x 10 m\u00e8tres. \u00c0 c\u00f4t\u00e9, une pelouse est propice au bronzage. <\/p>\n<\/div><\/div>\n\n<div class=\"et_pb_accordion_item_3 et_pb_accordion_item et_pb_toggle et_pb_module et_pb_toggle_close et_flex_module\"><h3 class=\"et_pb_toggle_title\">Quelle est la taille des parcelles au Camping le Cormier ?<\/h3><div class=\"et_pb_toggle_content et_flex_module\"><p>Nos parcelles sont g\u00e9n\u00e9reuses et mesurent 180 m\u00b2<\/p>\n<\/div><\/div>\n\n<div class=\"et_pb_accordion_item_4 et_pb_accordion_item et_pb_toggle et_pb_module et_pb_toggle_close et_flex_module\"><h3 class=\"et_pb_toggle_title\">Est-il possible de laver du linge au Camping le Cormier ?<\/h3><div class=\"et_pb_toggle_content et_flex_module\"><p>Oui, nous mettons \u00e0 disposition une machine \u00e0 laver et un s\u00e8che-linge (payant)<\/p>\n<\/div><\/div>\n\n<div class=\"et_pb_accordion_item_5 et_pb_accordion_item et_pb_toggle et_pb_module et_pb_toggle_close et_flex_module\"><h3 class=\"et_pb_toggle_title\">La t\u00e9l\u00e9vision par satellite peut-elle \u00eatre re\u00e7ue ?<\/h3><div class=\"et_pb_toggle_content et_flex_module\"><p>Oui, la r\u00e9ception de la t\u00e9l\u00e9vision par satellite est possible sur tous les emplacements<\/p>\n<\/div><\/div>\n\n<div class=\"et_pb_accordion_item_6 et_pb_accordion_item et_pb_toggle et_pb_module et_pb_toggle_close et_flex_module\"><h3 class=\"et_pb_toggle_title\">Les animaux sont-ils autoris\u00e9s au camping ?<\/h3><div class=\"et_pb_toggle_content et_flex_module\"><p>Oui, vos animaux de compagnie sont autoris\u00e9s et gratuits. Pour des raisons de s\u00e9curit\u00e9 et par respect pour les autres clients, nous vous demandons de tenir les chiens en laisse sur le terrain. <\/p>\n<\/div><\/div>\n<\/div>\n<\/div>\n<\/div>\n<\/div>","protected":false},"excerpt":{"rendered":"","protected":false},"author":1,"featured_media":885,"parent":0,"menu_order":0,"comment_status":"closed","ping_status":"closed","template":"","meta":{"_et_pb_use_builder":"on","_et_pb_old_content":"","_et_gb_content_width":"","footnotes":""},"class_list":["post-883","page","type-page","status-publish","has-post-thumbnail","hentry"],"_links":{"self":[{"href":"https:\/\/camping-le-cormier.fr\/fr\/wp-json\/wp\/v2\/pages\/883","targetHints":{"allow":["GET"]}}],"collection":[{"href":"https:\/\/camping-le-cormier.fr\/fr\/wp-json\/wp\/v2\/pages"}],"about":[{"href":"https:\/\/camping-le-cormier.fr\/fr\/wp-json\/wp\/v2\/types\/page"}],"author":[{"embeddable":true,"href":"https:\/\/camping-le-cormier.fr\/fr\/wp-json\/wp\/v2\/users\/1"}],"replies":[{"embeddable":true,"href":"https:\/\/camping-le-cormier.fr\/fr\/wp-json\/wp\/v2\/comments?post=883"}],"version-history":[{"count":3,"href":"https:\/\/camping-le-cormier.fr\/fr\/wp-json\/wp\/v2\/pages\/883\/revisions"}],"predecessor-version":[{"id":1084,"href":"https:\/\/camping-le-cormier.fr\/fr\/wp-json\/wp\/v2\/pages\/883\/revisions\/1084"}],"wp:featuredmedia":[{"embeddable":true,"href":"https:\/\/camping-le-cormier.fr\/fr\/wp-json\/wp\/v2\/media\/885"}],"wp:attachment":[{"href":"https:\/\/camping-le-cormier.fr\/fr\/wp-json\/wp\/v2\/media?parent=883"}],"curies":[{"name":"wp","href":"https:\/\/api.w.org\/{rel}","templated":true}]}}